{"id":917,"date":"2021-09-23T06:01:52","date_gmt":"2021-09-23T06:01:52","guid":{"rendered":"https:\/\/www.almendraslopez.com\/?page_id=917"},"modified":"2022-10-31T15:52:24","modified_gmt":"2022-10-31T15:52:24","slug":"almendras-calidad-certificada","status":"publish","type":"page","link":"https:\/\/www.almendraslopez.com\/en\/almendras-calidad-certificada\/","title":{"rendered":"Quality certified almonds"},"content":{"rendered":"<h1>\n\t\tQuality certified almonds\n\t<\/h1>\n\t\t\t\t<a href=\"#calidad\" target=\"_self\" itemprop=\"url\" rel=\"noopener\">\n\t\t\t\t<img loading=\"lazy\" decoding=\"async\" src=\"https:\/\/www.almendraslopez.com\/wp-content\/uploads\/2021\/09\/Grupo-58-1.png\" alt=\"Grupo 58\" itemprop=\"image\" height=\"90\" width=\"56\" title=\"Grupo 58\" onerror=\"this.style.display='none'\"  \/>\n\t\t\t\t<\/a>\n\t\t\t\t<img loading=\"lazy\" decoding=\"async\" src=\"https:\/\/www.almendraslopez.com\/wp-content\/uploads\/2021\/09\/healthy-almonds-AG33FXX-scaled.jpg\" alt=\"healthy-almonds-AG33FXX\" itemprop=\"image\" height=\"1707\" width=\"2560\" title=\"healthy-almonds-AG33FXX\" onerror=\"this.style.display='none'\"  \/>\n<h2>\n\t\tCertifications\n\t<\/h2>\n\t<p class=\" translation-block\">At ALMENDRAS L\u00d3PEZ, our goals are directly connected with the satisfaction of our customers and our employees. Our activity is focused on the <strong>permanent improvement<\/strong> in all the stages of our\norganization: starting with the selection, followed by the production, packaging, selling and distribution of our products.<\/p>\n<p>Por ello, contamos con las certificaciones <strong>ISO 22000:2018<\/strong> de Gesti\u00f3n de Inocuidad de los Alimentos e <strong>ISO 14001:2015<\/strong> de Gesti\u00f3n Ambiental. De hecho, en 2021 ALMENDRAS L\u00d3PEZ ha <strong>aumentado su producci\u00f3n<\/strong> por encima del nivel de consumos de energ\u00eda y recursos utilizados, lo que supone una <strong>mejora del desempe\u00f1o ambiental<\/strong> de nuestra organizaci\u00f3n gracias a las medidas y buenas pr\u00e1cticas ambientales del centro.<\/p>\n\t<p>Adem\u00e1s, seguimos trabajando con el objetivo de obtener otras certificaciones relevantes como la<strong> IFS, ya en proceso de obtenci\u00f3n para 2022.<\/strong><\/p>\n<p>Tambi\u00e9n, conscientes de la necesidad de continuar con nuestra expansi\u00f3n en la <strong>commercialization of almonds<\/strong> in other markets <strong>we offer products with Halal and Kosher organic certification.<\/strong><\/p>\n<p class=\" translation-block\">Regarding our facilities, we are located in a strategic point in <strong>one of the main almond producing areas<\/strong>. Moreover, we use the most innovative technology to offer <strong>the best selected and calibrated almonds to our customers.<\/strong><\/p>\n\t\t\t<a href=\"https:\/\/www.almendraslopez.com\/wp-content\/uploads\/2022\/10\/POLITICA-DE-CALIDAD-APROBADO-POR-LA-DIRECCION-ALMENDRAS-LOPEZ-REV-2_2022-1.pdf\" target=\"_blank\" role=\"button\" rel=\"noopener\">\n\t\t\t\t\t\t\tPol\u00edtica de calidad\n\t\t\t\t\t<\/a>\n\t\t\t\t<img loading=\"lazy\" decoding=\"async\" src=\"https:\/\/www.almendraslopez.com\/wp-content\/uploads\/2021\/09\/almond-nut-L3JK2A3.jpg\" alt=\"almond-nut-L3JK2A3\" itemprop=\"image\" height=\"288\" width=\"420\" title=\"almond-nut-L3JK2A3\" onerror=\"this.style.display='none'\"  \/>\n\t\t\t\t<img loading=\"lazy\" decoding=\"async\" src=\"https:\/\/www.almendraslopez.com\/wp-content\/uploads\/2021\/09\/almond-almond-nuts-3BJPVJM-scaled.jpg\" alt=\"almond-almond-nuts-3BJPVJM\" itemprop=\"image\" height=\"1696\" width=\"2560\" title=\"almond-almond-nuts-3BJPVJM\" onerror=\"this.style.display='none'\"  \/>\n\t\t\t\t<img loading=\"lazy\" decoding=\"async\" src=\"https:\/\/www.almendraslopez.com\/wp-content\/uploads\/2021\/09\/almonds-8UL4ETS-scaled.jpg\" alt=\"Processed with VSCOcam with a6 preset\" itemprop=\"image\" height=\"1693\" width=\"2560\" title=\"Processed with VSCOcam with a6 preset\" onerror=\"this.style.display='none'\"  \/>\n\t\t\t<a href=\"https:\/\/www.almendraslopez.com\/en\/contacto\/\" target=\"_self\" role=\"button\" rel=\"noopener\">\n\t\t\t\t\t\t\tContact us\n\t\t\t\t\t<\/a>","protected":false},"excerpt":{"rendered":"<p>Almendras de calidad certificada Certificaciones Nuestros objetivos est\u00e1n orientados a la satisfacci\u00f3n de nuestros clientes, as\u00ed como a la de nuestros empleados y al entorno de nuestra organizaci\u00f3n, bas\u00e1ndonos siempre en la mejora continua y en un crecimiento responsable y sostenible. Por ello, contamos con las certificaciones ISO 22000:2018 de Gesti\u00f3n de Inocuidad de los &#8230; <a title=\"Almendras de calidad certificada\" class=\"read-more\" href=\"https:\/\/www.almendraslopez.com\/en\/almendras-calidad-certificada\/\" aria-label=\"More on Almendras de calidad certificada\" data-no-translation=\"\" data-trp-gettext=\"\">Read more<\/a><\/p>","protected":false},"author":1,"featured_media":0,"parent":0,"menu_order":0,"comment_status":"closed","ping_status":"closed","template":"","meta":{"footnotes":""},"class_list":["post-917","page","type-page","status-publish"],"acf":[],"yoast_head":"<!-- This site is optimized with the Yoast SEO plugin v19.9 - https:\/\/yoast.com\/wordpress\/plugins\/seo\/ -->\n<title>Almendras de calidad certificada - Almendras L\u00f3pez<\/title>\n<meta name=\"description\" content=\"Todas nuestras almendras cumplen con los certificados correspondientes para ofrecer un producto de confianza con una calidad certificada.\" \/>\n<meta name=\"robots\" content=\"index, follow, max-snippet:-1, max-image-preview:large, max-video-preview:-1\" \/>\n<link rel=\"canonical\" href=\"https:\/\/www.almendraslopez.com\/en\/almendras-calidad-certificada\/\" \/>\n<meta property=\"og:locale\" content=\"en_GB\" \/>\n<meta property=\"og:type\" content=\"article\" \/>\n<meta property=\"og:title\" content=\"Almendras de calidad certificada - Almendras L\u00f3pez\" \/>\n<meta property=\"og:description\" content=\"Todas nuestras almendras cumplen con los certificados correspondientes para ofrecer un producto de confianza con una calidad certificada.\" \/>\n<meta property=\"og:url\" content=\"https:\/\/www.almendraslopez.com\/en\/almendras-calidad-certificada\/\" \/>\n<meta property=\"og:site_name\" content=\"Almendras L\u00f3pez\" \/>\n<meta property=\"article:publisher\" content=\"https:\/\/www.facebook.com\/Almendras-L%c3%b3pez-103807578606709\" \/>\n<meta property=\"article:modified_time\" content=\"2022-10-31T15:52:24+00:00\" \/>\n<meta property=\"og:image\" content=\"https:\/\/www.almendraslopez.com\/wp-content\/uploads\/2021\/09\/Grupo-58-1.png\" \/>\n<meta name=\"twitter:card\" content=\"summary_large_image\" \/>\n<meta name=\"twitter:label1\" content=\"Estimated reading time\" \/>\n\t<meta name=\"twitter:data1\" content=\"1 minute\" \/>\n<script type=\"application\/ld+json\" class=\"yoast-schema-graph\">{\"@context\":\"https:\/\/schema.org\",\"@graph\":[{\"@type\":\"WebPage\",\"@id\":\"https:\/\/www.almendraslopez.com\/almendras-calidad-certificada\/\",\"url\":\"https:\/\/www.almendraslopez.com\/almendras-calidad-certificada\/\",\"name\":\"Almendras de calidad certificada - Almendras L\u00f3pez\",\"isPartOf\":{\"@id\":\"https:\/\/www.almendraslopez.com\/#website\"},\"datePublished\":\"2021-09-23T06:01:52+00:00\",\"dateModified\":\"2022-10-31T15:52:24+00:00\",\"description\":\"Todas nuestras almendras cumplen con los certificados correspondientes para ofrecer un producto de confianza con una calidad certificada.\",\"breadcrumb\":{\"@id\":\"https:\/\/www.almendraslopez.com\/almendras-calidad-certificada\/#breadcrumb\"},\"inLanguage\":\"en-GB\",\"potentialAction\":[{\"@type\":\"ReadAction\",\"target\":[\"https:\/\/www.almendraslopez.com\/almendras-calidad-certificada\/\"]}]},{\"@type\":\"BreadcrumbList\",\"@id\":\"https:\/\/www.almendraslopez.com\/almendras-calidad-certificada\/#breadcrumb\",\"itemListElement\":[{\"@type\":\"ListItem\",\"position\":1,\"name\":\"Portada\",\"item\":\"https:\/\/www.almendraslopez.com\/\"},{\"@type\":\"ListItem\",\"position\":2,\"name\":\"Almendras de calidad certificada\"}]},{\"@type\":\"WebSite\",\"@id\":\"https:\/\/www.almendraslopez.com\/#website\",\"url\":\"https:\/\/www.almendraslopez.com\/\",\"name\":\"Almendras L\u00f3pez\",\"description\":\"Expertos en comercializaci\u00f3n de almendras\",\"publisher\":{\"@id\":\"https:\/\/www.almendraslopez.com\/#organization\"},\"potentialAction\":[{\"@type\":\"SearchAction\",\"target\":{\"@type\":\"EntryPoint\",\"urlTemplate\":\"https:\/\/www.almendraslopez.com\/?s={search_term_string}\"},\"query-input\":\"required name=search_term_string\"}],\"inLanguage\":\"en-GB\"},{\"@type\":\"Organization\",\"@id\":\"https:\/\/www.almendraslopez.com\/#organization\",\"name\":\"Almendras L\u00f3pez: proveedores de almendra\",\"url\":\"https:\/\/www.almendraslopez.com\/\",\"logo\":{\"@type\":\"ImageObject\",\"inLanguage\":\"en-GB\",\"@id\":\"https:\/\/www.almendraslopez.com\/#\/schema\/logo\/image\/\",\"url\":\"https:\/\/www.almendraslopez.com\/wp-content\/uploads\/2021\/09\/cropped-Grupo-234.png\",\"contentUrl\":\"https:\/\/www.almendraslopez.com\/wp-content\/uploads\/2021\/09\/cropped-Grupo-234.png\",\"width\":164,\"height\":63,\"caption\":\"Almendras L\u00f3pez: proveedores de almendra\"},\"image\":{\"@id\":\"https:\/\/www.almendraslopez.com\/#\/schema\/logo\/image\/\"},\"sameAs\":[\"https:\/\/www.instagram.com\/almendras_lopez\/\",\"https:\/\/www.linkedin.com\/company\/almendras-l\u00f3pez\/\",\"https:\/\/www.facebook.com\/Almendras-L\u00f3pez-103807578606709\"]}]}<\/script>\n<!-- \/ Yoast SEO plugin. -->","yoast_head_json":{"title":"Almendras de calidad certificada - Almendras L\u00f3pez","description":"Todas nuestras almendras cumplen con los certificados correspondientes para ofrecer un producto de confianza con una calidad certificada.","robots":{"index":"index","follow":"follow","max-snippet":"max-snippet:-1","max-image-preview":"max-image-preview:large","max-video-preview":"max-video-preview:-1"},"canonical":"https:\/\/www.almendraslopez.com\/en\/almendras-calidad-certificada\/","og_locale":"en_GB","og_type":"article","og_title":"Almendras de calidad certificada - Almendras L\u00f3pez","og_description":"Todas nuestras almendras cumplen con los certificados correspondientes para ofrecer un producto de confianza con una calidad certificada.","og_url":"https:\/\/www.almendraslopez.com\/en\/almendras-calidad-certificada\/","og_site_name":"Almendras L\u00f3pez","article_publisher":"https:\/\/www.facebook.com\/Almendras-L%c3%b3pez-103807578606709","article_modified_time":"2022-10-31T15:52:24+00:00","og_image":[{"url":"https:\/\/www.almendraslopez.com\/wp-content\/uploads\/2021\/09\/Grupo-58-1.png"}],"twitter_card":"summary_large_image","twitter_misc":{"Estimated reading time":"1 minute"},"schema":{"@context":"https:\/\/schema.org","@graph":[{"@type":"WebPage","@id":"https:\/\/www.almendraslopez.com\/almendras-calidad-certificada\/","url":"https:\/\/www.almendraslopez.com\/almendras-calidad-certificada\/","name":"Almendras de calidad certificada - Almendras L\u00f3pez","isPartOf":{"@id":"https:\/\/www.almendraslopez.com\/#website"},"datePublished":"2021-09-23T06:01:52+00:00","dateModified":"2022-10-31T15:52:24+00:00","description":"Todas nuestras almendras cumplen con los certificados correspondientes para ofrecer un producto de confianza con una calidad certificada.","breadcrumb":{"@id":"https:\/\/www.almendraslopez.com\/almendras-calidad-certificada\/#breadcrumb"},"inLanguage":"en-GB","potentialAction":[{"@type":"ReadAction","target":["https:\/\/www.almendraslopez.com\/almendras-calidad-certificada\/"]}]},{"@type":"BreadcrumbList","@id":"https:\/\/www.almendraslopez.com\/almendras-calidad-certificada\/#breadcrumb","itemListElement":[{"@type":"ListItem","position":1,"name":"Portada","item":"https:\/\/www.almendraslopez.com\/"},{"@type":"ListItem","position":2,"name":"Almendras de calidad certificada"}]},{"@type":"WebSite","@id":"https:\/\/www.almendraslopez.com\/#website","url":"https:\/\/www.almendraslopez.com\/","name":"Almendras L\u00f3pez","description":"Expertos en comercializaci\u00f3n de almendras","publisher":{"@id":"https:\/\/www.almendraslopez.com\/#organization"},"potentialAction":[{"@type":"SearchAction","target":{"@type":"EntryPoint","urlTemplate":"https:\/\/www.almendraslopez.com\/?s={search_term_string}"},"query-input":"required name=search_term_string"}],"inLanguage":"en-GB"},{"@type":"Organization","@id":"https:\/\/www.almendraslopez.com\/#organization","name":"Almendras L\u00f3pez: proveedores de almendra","url":"https:\/\/www.almendraslopez.com\/","logo":{"@type":"ImageObject","inLanguage":"en-GB","@id":"https:\/\/www.almendraslopez.com\/#\/schema\/logo\/image\/","url":"https:\/\/www.almendraslopez.com\/wp-content\/uploads\/2021\/09\/cropped-Grupo-234.png","contentUrl":"https:\/\/www.almendraslopez.com\/wp-content\/uploads\/2021\/09\/cropped-Grupo-234.png","width":164,"height":63,"caption":"Almendras L\u00f3pez: proveedores de almendra"},"image":{"@id":"https:\/\/www.almendraslopez.com\/#\/schema\/logo\/image\/"},"sameAs":["https:\/\/www.instagram.com\/almendras_lopez\/","https:\/\/www.linkedin.com\/company\/almendras-l\u00f3pez\/","https:\/\/www.facebook.com\/Almendras-L\u00f3pez-103807578606709"]}]}},"_links":{"self":[{"href":"https:\/\/www.almendraslopez.com\/en\/wp-json\/wp\/v2\/pages\/917","targetHints":{"allow":["GET"]}}],"collection":[{"href":"https:\/\/www.almendraslopez.com\/en\/wp-json\/wp\/v2\/pages"}],"about":[{"href":"https:\/\/www.almendraslopez.com\/en\/wp-json\/wp\/v2\/types\/page"}],"author":[{"embeddable":true,"href":"https:\/\/www.almendraslopez.com\/en\/wp-json\/wp\/v2\/users\/1"}],"replies":[{"embeddable":true,"href":"https:\/\/www.almendraslopez.com\/en\/wp-json\/wp\/v2\/comments?post=917"}],"version-history":[{"count":26,"href":"https:\/\/www.almendraslopez.com\/en\/wp-json\/wp\/v2\/pages\/917\/revisions"}],"predecessor-version":[{"id":1628,"href":"https:\/\/www.almendraslopez.com\/en\/wp-json\/wp\/v2\/pages\/917\/revisions\/1628"}],"wp:attachment":[{"href":"https:\/\/www.almendraslopez.com\/en\/wp-json\/wp\/v2\/media?parent=917"}],"curies":[{"name":"wp","href":"https:\/\/api.w.org\/{rel}","templated":true}]}}