{"id":44,"date":"2021-09-08T16:19:38","date_gmt":"2021-09-08T16:19:38","guid":{"rendered":"https:\/\/www.almendraslopez.com\/?page_id=44"},"modified":"2022-11-14T10:48:29","modified_gmt":"2022-11-14T10:48:29","slug":"cascaras-almendra-a-granel","status":"publish","type":"page","link":"https:\/\/www.almendraslopez.com\/en\/cascaras-almendra-a-granel\/","title":{"rendered":"C\u00e1scaras de almendra a granel"},"content":{"rendered":"<h1>C\u00e1scaras de Almendras<br \/>a Granel<\/h1>\r\n<p><a href=\"#cascaras\" target=\"_self\" rel=\"noopener\"> <img loading=\"lazy\" decoding=\"async\" title=\"Grupo 58\" src=\"https:\/\/www.almendraslopez.com\/wp-content\/uploads\/2021\/09\/Grupo-58-1.png\" alt=\"Grupo 58\" width=\"56\" height=\"90\" \/> <\/a><\/p>\r\n<p class=\" translation-block\">Once the whole almond shells come out of the shelling, unmodified, are used for large heaters, ceramic furnaces or industrial boilers. Besides this professional use, with more frequency this kind of enery is displacing other types of fuels such as coal or wood at our homes.<\/p>\r\n<p class=\" translation-block\">At Almendras L\u00f3pez, after the <strong>almond shelling process<\/strong>, we keep the almond <strong>shells in bulk<\/strong> to be able to sell them completely clean and without residues. Thus, we offer a product which works as an excellent fuel for the above mentioned industrial and domestic uses.<\/p>\r\n<p><a role=\"button\" href=\"#biomasa\" target=\"_self\" rel=\"noopener\"> M\u00e1s informaci\u00f3n <\/a><\/p>\r\n<h2>Almond shell for biomass<\/h2>\r\n<p class=\" translation-block\">Using the <strong>almond shell<\/strong> for biomass is a perfect alternative to other fuels. In addition, this fuel is\n100% ecological and renewable, so by consuming it, we help to contribute to the environment.<\/p>\r\n<p class=\" translation-block\">Apart from being an excellent biofuel, using the almond shell is much cheaper than usual pellets, electric or butane stoves. It also has other benefits:<\/p>\r\n<p>It has a very high calorific value of 4,000 kcal \/ kg<\/p>\r\n<p>Better quality \/ price compared to other types of biomass.<\/p>\r\n<p>Low CO2 emission.<\/p>\r\n<p>It produces little ash.<\/p>\r\n<p>It does not release gases such as chlorine and sulphur.<\/p>\r\n<p><img loading=\"lazy\" decoding=\"async\" title=\"almond-nut-in-shell-and-shelled-isolated-on-white--2FZPZZK\" src=\"https:\/\/www.almendraslopez.com\/wp-content\/uploads\/2021\/09\/almond-nut-in-shell-and-shelled-isolated-on-white-2FZPZZK.png\" alt=\"almond-nut-in-shell-and-shelled-isolated-on-white--2FZPZZK\" width=\"650\" height=\"655\" \/><\/p>\r\n<p class=\" translation-block\">Thanks to these benefits, it is not only suitable for domestic use in boilers but it can also be\nadministered in industrial machinery for water heating, such as thermal oil, in heating boilers, etc. In addition, <strong>the almond shell in bulk,<\/strong> depending on its size, is used in other applications such as cosmetics, ceramics, wood substitutes in the manufacture of furniture or for animal feed.<\/p>\r\n<p><a role=\"button\" target=\"_self\" rel=\"noopener\"> Ask for more information <\/a><\/p>","protected":false},"excerpt":{"rendered":"<p>C\u00e1scaras de Almendrasa Granel Las c\u00e1scaras de almendra entera una vez sale del descascarado, sin modificar, se utiliza para grandes maquinarias de calor, hornos de cer\u00e1mica, calefacci\u00f3n en explotaciones ganaderas y calderas. Aunque actualmente cada vez est\u00e1 consiguiendo m\u00e1s protagonismo para uso dom\u00e9stico y desbancando otro tipo de combustibles como el pellet, carb\u00f3n y madera. &#8230; <a title=\"C\u00e1scaras de almendra a granel\" class=\"read-more\" href=\"https:\/\/www.almendraslopez.com\/en\/cascaras-almendra-a-granel\/\" aria-label=\"More on C\u00e1scaras de almendra a granel\" data-no-translation=\"\" data-trp-gettext=\"\">Read more<\/a><\/p>","protected":false},"author":1,"featured_media":0,"parent":0,"menu_order":0,"comment_status":"closed","ping_status":"closed","template":"","meta":{"footnotes":""},"class_list":["post-44","page","type-page","status-publish"],"acf":[],"yoast_head":"<!-- This site is optimized with the Yoast SEO plugin v19.9 - https:\/\/yoast.com\/wordpress\/plugins\/seo\/ -->\n<title>C\u00e1scaras de almendra a granel - Almendras L\u00f3pez<\/title>\n<meta name=\"description\" content=\"Disponemos del mejor biocombustible del mercado. Vendemos c\u00e1scaras de almendra a granel a un precio fant\u00e1stico.\" \/>\n<meta name=\"robots\" content=\"index, follow, max-snippet:-1, max-image-preview:large, max-video-preview:-1\" \/>\n<link rel=\"canonical\" href=\"https:\/\/www.almendraslopez.com\/en\/cascaras-almendra-a-granel\/\" \/>\n<meta property=\"og:locale\" content=\"en_GB\" \/>\n<meta property=\"og:type\" content=\"article\" \/>\n<meta property=\"og:title\" content=\"C\u00e1scaras de almendra a granel - Almendras L\u00f3pez\" \/>\n<meta property=\"og:description\" content=\"Disponemos del mejor biocombustible del mercado. Vendemos c\u00e1scaras de almendra a granel a un precio fant\u00e1stico.\" \/>\n<meta property=\"og:url\" content=\"https:\/\/www.almendraslopez.com\/en\/cascaras-almendra-a-granel\/\" \/>\n<meta property=\"og:site_name\" content=\"Almendras L\u00f3pez\" \/>\n<meta property=\"article:publisher\" content=\"https:\/\/www.facebook.com\/Almendras-L%c3%b3pez-103807578606709\" \/>\n<meta property=\"article:modified_time\" content=\"2022-11-14T10:48:29+00:00\" \/>\n<meta property=\"og:image\" content=\"https:\/\/www.almendraslopez.com\/wp-content\/uploads\/2021\/09\/Grupo-58-1.png\" \/>\n<meta name=\"twitter:card\" content=\"summary_large_image\" \/>\n<meta name=\"twitter:label1\" content=\"Estimated reading time\" \/>\n\t<meta name=\"twitter:data1\" content=\"2 minutes\" \/>\n<script type=\"application\/ld+json\" class=\"yoast-schema-graph\">{\"@context\":\"https:\/\/schema.org\",\"@graph\":[{\"@type\":\"WebPage\",\"@id\":\"https:\/\/www.almendraslopez.com\/cascaras-almendra-a-granel\/\",\"url\":\"https:\/\/www.almendraslopez.com\/cascaras-almendra-a-granel\/\",\"name\":\"C\u00e1scaras de almendra a granel - Almendras L\u00f3pez\",\"isPartOf\":{\"@id\":\"https:\/\/www.almendraslopez.com\/#website\"},\"datePublished\":\"2021-09-08T16:19:38+00:00\",\"dateModified\":\"2022-11-14T10:48:29+00:00\",\"description\":\"Disponemos del mejor biocombustible del mercado. Vendemos c\u00e1scaras de almendra a granel a un precio fant\u00e1stico.\",\"breadcrumb\":{\"@id\":\"https:\/\/www.almendraslopez.com\/cascaras-almendra-a-granel\/#breadcrumb\"},\"inLanguage\":\"en-GB\",\"potentialAction\":[{\"@type\":\"ReadAction\",\"target\":[\"https:\/\/www.almendraslopez.com\/cascaras-almendra-a-granel\/\"]}]},{\"@type\":\"BreadcrumbList\",\"@id\":\"https:\/\/www.almendraslopez.com\/cascaras-almendra-a-granel\/#breadcrumb\",\"itemListElement\":[{\"@type\":\"ListItem\",\"position\":1,\"name\":\"Portada\",\"item\":\"https:\/\/www.almendraslopez.com\/\"},{\"@type\":\"ListItem\",\"position\":2,\"name\":\"C\u00e1scaras de almendra a granel\"}]},{\"@type\":\"WebSite\",\"@id\":\"https:\/\/www.almendraslopez.com\/#website\",\"url\":\"https:\/\/www.almendraslopez.com\/\",\"name\":\"Almendras L\u00f3pez\",\"description\":\"Expertos en comercializaci\u00f3n de almendras\",\"publisher\":{\"@id\":\"https:\/\/www.almendraslopez.com\/#organization\"},\"potentialAction\":[{\"@type\":\"SearchAction\",\"target\":{\"@type\":\"EntryPoint\",\"urlTemplate\":\"https:\/\/www.almendraslopez.com\/?s={search_term_string}\"},\"query-input\":\"required name=search_term_string\"}],\"inLanguage\":\"en-GB\"},{\"@type\":\"Organization\",\"@id\":\"https:\/\/www.almendraslopez.com\/#organization\",\"name\":\"Almendras L\u00f3pez: proveedores de almendra\",\"url\":\"https:\/\/www.almendraslopez.com\/\",\"logo\":{\"@type\":\"ImageObject\",\"inLanguage\":\"en-GB\",\"@id\":\"https:\/\/www.almendraslopez.com\/#\/schema\/logo\/image\/\",\"url\":\"https:\/\/www.almendraslopez.com\/wp-content\/uploads\/2021\/09\/cropped-Grupo-234.png\",\"contentUrl\":\"https:\/\/www.almendraslopez.com\/wp-content\/uploads\/2021\/09\/cropped-Grupo-234.png\",\"width\":164,\"height\":63,\"caption\":\"Almendras L\u00f3pez: proveedores de almendra\"},\"image\":{\"@id\":\"https:\/\/www.almendraslopez.com\/#\/schema\/logo\/image\/\"},\"sameAs\":[\"https:\/\/www.instagram.com\/almendras_lopez\/\",\"https:\/\/www.linkedin.com\/company\/almendras-l\u00f3pez\/\",\"https:\/\/www.facebook.com\/Almendras-L\u00f3pez-103807578606709\"]}]}<\/script>\n<!-- \/ Yoast SEO plugin. -->","yoast_head_json":{"title":"C\u00e1scaras de almendra a granel - Almendras L\u00f3pez","description":"Disponemos del mejor biocombustible del mercado. Vendemos c\u00e1scaras de almendra a granel a un precio fant\u00e1stico.","robots":{"index":"index","follow":"follow","max-snippet":"max-snippet:-1","max-image-preview":"max-image-preview:large","max-video-preview":"max-video-preview:-1"},"canonical":"https:\/\/www.almendraslopez.com\/en\/cascaras-almendra-a-granel\/","og_locale":"en_GB","og_type":"article","og_title":"C\u00e1scaras de almendra a granel - Almendras L\u00f3pez","og_description":"Disponemos del mejor biocombustible del mercado. Vendemos c\u00e1scaras de almendra a granel a un precio fant\u00e1stico.","og_url":"https:\/\/www.almendraslopez.com\/en\/cascaras-almendra-a-granel\/","og_site_name":"Almendras L\u00f3pez","article_publisher":"https:\/\/www.facebook.com\/Almendras-L%c3%b3pez-103807578606709","article_modified_time":"2022-11-14T10:48:29+00:00","og_image":[{"url":"https:\/\/www.almendraslopez.com\/wp-content\/uploads\/2021\/09\/Grupo-58-1.png"}],"twitter_card":"summary_large_image","twitter_misc":{"Estimated reading time":"2 minutes"},"schema":{"@context":"https:\/\/schema.org","@graph":[{"@type":"WebPage","@id":"https:\/\/www.almendraslopez.com\/cascaras-almendra-a-granel\/","url":"https:\/\/www.almendraslopez.com\/cascaras-almendra-a-granel\/","name":"C\u00e1scaras de almendra a granel - Almendras L\u00f3pez","isPartOf":{"@id":"https:\/\/www.almendraslopez.com\/#website"},"datePublished":"2021-09-08T16:19:38+00:00","dateModified":"2022-11-14T10:48:29+00:00","description":"Disponemos del mejor biocombustible del mercado. Vendemos c\u00e1scaras de almendra a granel a un precio fant\u00e1stico.","breadcrumb":{"@id":"https:\/\/www.almendraslopez.com\/cascaras-almendra-a-granel\/#breadcrumb"},"inLanguage":"en-GB","potentialAction":[{"@type":"ReadAction","target":["https:\/\/www.almendraslopez.com\/cascaras-almendra-a-granel\/"]}]},{"@type":"BreadcrumbList","@id":"https:\/\/www.almendraslopez.com\/cascaras-almendra-a-granel\/#breadcrumb","itemListElement":[{"@type":"ListItem","position":1,"name":"Portada","item":"https:\/\/www.almendraslopez.com\/"},{"@type":"ListItem","position":2,"name":"C\u00e1scaras de almendra a granel"}]},{"@type":"WebSite","@id":"https:\/\/www.almendraslopez.com\/#website","url":"https:\/\/www.almendraslopez.com\/","name":"Almendras L\u00f3pez","description":"Expertos en comercializaci\u00f3n de almendras","publisher":{"@id":"https:\/\/www.almendraslopez.com\/#organization"},"potentialAction":[{"@type":"SearchAction","target":{"@type":"EntryPoint","urlTemplate":"https:\/\/www.almendraslopez.com\/?s={search_term_string}"},"query-input":"required name=search_term_string"}],"inLanguage":"en-GB"},{"@type":"Organization","@id":"https:\/\/www.almendraslopez.com\/#organization","name":"Almendras L\u00f3pez: proveedores de almendra","url":"https:\/\/www.almendraslopez.com\/","logo":{"@type":"ImageObject","inLanguage":"en-GB","@id":"https:\/\/www.almendraslopez.com\/#\/schema\/logo\/image\/","url":"https:\/\/www.almendraslopez.com\/wp-content\/uploads\/2021\/09\/cropped-Grupo-234.png","contentUrl":"https:\/\/www.almendraslopez.com\/wp-content\/uploads\/2021\/09\/cropped-Grupo-234.png","width":164,"height":63,"caption":"Almendras L\u00f3pez: proveedores de almendra"},"image":{"@id":"https:\/\/www.almendraslopez.com\/#\/schema\/logo\/image\/"},"sameAs":["https:\/\/www.instagram.com\/almendras_lopez\/","https:\/\/www.linkedin.com\/company\/almendras-l\u00f3pez\/","https:\/\/www.facebook.com\/Almendras-L\u00f3pez-103807578606709"]}]}},"_links":{"self":[{"href":"https:\/\/www.almendraslopez.com\/en\/wp-json\/wp\/v2\/pages\/44","targetHints":{"allow":["GET"]}}],"collection":[{"href":"https:\/\/www.almendraslopez.com\/en\/wp-json\/wp\/v2\/pages"}],"about":[{"href":"https:\/\/www.almendraslopez.com\/en\/wp-json\/wp\/v2\/types\/page"}],"author":[{"embeddable":true,"href":"https:\/\/www.almendraslopez.com\/en\/wp-json\/wp\/v2\/users\/1"}],"replies":[{"embeddable":true,"href":"https:\/\/www.almendraslopez.com\/en\/wp-json\/wp\/v2\/comments?post=44"}],"version-history":[{"count":10,"href":"https:\/\/www.almendraslopez.com\/en\/wp-json\/wp\/v2\/pages\/44\/revisions"}],"predecessor-version":[{"id":1381,"href":"https:\/\/www.almendraslopez.com\/en\/wp-json\/wp\/v2\/pages\/44\/revisions\/1381"}],"wp:attachment":[{"href":"https:\/\/www.almendraslopez.com\/en\/wp-json\/wp\/v2\/media?parent=44"}],"curies":[{"name":"wp","href":"https:\/\/api.w.org\/{rel}","templated":true}]}}