{"id":16,"date":"2021-09-08T11:58:22","date_gmt":"2021-09-08T11:58:22","guid":{"rendered":"https:\/\/www.almendraslopez.com\/?page_id=16"},"modified":"2023-07-07T09:48:32","modified_gmt":"2023-07-07T09:48:32","slug":"quienes-somos","status":"publish","type":"page","link":"https:\/\/www.almendraslopez.com\/en\/quienes-somos\/","title":{"rendered":"Who we are"},"content":{"rendered":"<h1>\n\t\tWho we are\n\t<\/h1>\n\t\t\t\t<a href=\"#origenes\" target=\"_self\" itemprop=\"url\" rel=\"noopener\">\n\t\t\t\t<img loading=\"lazy\" decoding=\"async\" src=\"https:\/\/www.almendraslopez.com\/wp-content\/uploads\/2021\/09\/Grupo-58-1.png\" alt=\"Grupo 58\" itemprop=\"image\" height=\"90\" width=\"56\" title=\"Grupo 58\" onerror=\"this.style.display='none'\"  \/>\n\t\t\t\t<\/a>\n<h2>\n\t\tFirst steps\n\t<\/h2>\n\t<p class=\" translation-block\">The <strong>origins of Almendras L\u00f3pez<\/strong> date back to 1977 when our father, Miguel L\u00f3pez, began with the<strong> marketing of in-shell almonds <\/strong>Decades later, in 1993, together with our mother, Purificaci\u00f3n Maldonado, he established the company as we know it today.<\/p>\n<p class=\" translation-block\">From the beginning, it has been a\n<strong>family business<\/strong> in which we have put all our effort and dedication to grow and adapt to the new times, without neglecting the tradition of our land and our sector.<\/p>\n\t\t\t\t<img loading=\"lazy\" decoding=\"async\" src=\"https:\/\/www.almendraslopez.com\/wp-content\/uploads\/2021\/09\/Grupo-233.jpg\" alt=\"Grupo 233\" itemprop=\"image\" height=\"855\" width=\"738\" title=\"Grupo 233\" onerror=\"this.style.display='none'\"  \/>\n<h3 class=\" translation-block\">Next generation<\/h3>\n\t<p class=\" translation-block\">In 2014, we, <strong>Miguel and Manuel<\/strong>, replaced our parents as managers of the company. At that stage, we decided to expand our business into\u00a0<strong>new foreign markets<\/strong>, then we started with the importation of almonds from California and with the exportation to Europe.<\/p>\n<p class=\" translation-block\">Nowadays, we continue working hard and offering our most professional version. Thanks to all our shared efforts and to our\u00a0<strong>qualified team<\/strong> we have achieved a leading position as one of the\u00a0<strong>most important almond companies in Andalusia.<\/strong><\/p>\n<p class=\" translation-block\">Current now, we are importing over half of our <strong>almond production<\/strong> and selling our products to more than 30 countries in Europe, Africa, Saudi Arabia, Russia, USA and Australia.\nFurthermore, our customers\u2019 confidence has helped us to duplicate our figures during the last three years.<\/p>\n\t\t\t\t<table>\n\t\t\t\t\t<thead>\n\t\t\t\t\t\t\t\t\t\t\t\t\t\t<tr>\n\t\t\t\t\t\t\t\t\t\t\t\t\t\t\t<th rowspan=\"\" colspan=\"\">\n\t\t\t\t\t\t\t\t\t\t\t\t\t\t\t\t\t<label> \n\t\t\t\t\t\t\t\t\t\t<\/label><label> Year <\/label> \n\t\t\t\t\t\t\t\t\t\n\t\t\t\t\t\t\t\t\t\t\t\t\t\t\t\t\t<\/th> \n\t\t\t\t\t\t\t\t\t\t\t\t\t\t<th rowspan=\"\" colspan=\"\">\n\t\t\t\t\t\t\t\t\t\t\t\t\t\t\t\t\t<label> \n\t\t\t\t\t\t\t\t\t\t<\/label><label> Billing <\/label> \n\t\t\t\t\t\t\t\t\t\n\t\t\t\t\t\t\t\t\t\t\t\t\t\t\t\t\t<\/th> \n\t\t\t\t\t\t\t\t\t\t\t<\/tr><\/thead>\n\t\t\t\t\t<tbody>\n\t\t\t\t\t\t\t\t\t\t\t\t\t\t\t<tr> \n\t\t\t\t\t\t\t\t\t\t\t\t\t\t\t\t\t\t\t\t<td colspan=\"\" rowspan=\"\"> \n\t\t\t\t\t\t\t\t\t\t\t\t\t\t\t\t\t\t\t\t\t\t\t 2018 \n\t\t\t\t\t\t\t\t\t\t\t\t\t\t\t\t\t\t\t\t\t\t\t<\/td>\n\t\t\t\t\t\t\t\t\t\t\t\t\t\t\t\t<td colspan=\"\" rowspan=\"\"> \n\t\t\t\t\t\t\t\t\t\t\t\t\t\t\t\t\t\t\t\t\t\t\t 38 \u20ac millions \n\t\t\t\t\t\t\t\t\t\t\t\t\t\t\t\t\t\t\t\t\t\t\t<\/td>\n\t\t\t\t\t\t\t\t\t\t\t\t\t\t\t<\/tr><tr> \n\t\t\t\t\t\t\t\t\t\t\t\t\t\t\t\t\t\t\t\t<td colspan=\"\" rowspan=\"\"> \n\t\t\t\t\t\t\t\t\t\t\t\t\t\t\t\t\t\t\t\t\t\t\t 2019 \n\t\t\t\t\t\t\t\t\t\t\t\t\t\t\t\t\t\t\t\t\t\t\t<\/td>\n\t\t\t\t\t\t\t\t\t\t\t\t\t\t\t\t<td colspan=\"\" rowspan=\"\"> \n\t\t\t\t\t\t\t\t\t\t\t\t\t\t\t\t\t\t\t\t\t\t\t 64 \u20ac millions \n\t\t\t\t\t\t\t\t\t\t\t\t\t\t\t\t\t\t\t\t\t\t\t<\/td>\n\t\t\t\t\t\t\t\t\t\t\t\t\t\t\t<\/tr><tr> \n\t\t\t\t\t\t\t\t\t\t\t\t\t\t\t\t\t\t\t\t<td colspan=\"\" rowspan=\"\"> \n\t\t\t\t\t\t\t\t\t\t\t\t\t\t\t\t\t\t\t\t\t\t\t 2020 \n\t\t\t\t\t\t\t\t\t\t\t\t\t\t\t\t\t\t\t\t\t\t\t<\/td>\n\t\t\t\t\t\t\t\t\t\t\t\t\t\t\t\t<td colspan=\"\" rowspan=\"\"> \n\t\t\t\t\t\t\t\t\t\t\t\t\t\t\t\t\t\t\t\t\t\t\t 77 \u20ac millions \n\t\t\t\t\t\t\t\t\t\t\t\t\t\t\t\t\t\t\t\t\t\t\t<\/td>\n\t\t\t\t\t\t\t\t\t\t\t<\/tr><\/tbody>\n\t\t\t\t<\/table>\n\t<p><em>\u00abCuando eres una empresa peque\u00f1a lo f\u00e1cil es crecer. Si sales del c\u00edrculo ves que el mundo es muy grande y todav\u00eda hay m\u00e1s campo para crecer, pero el reto es mantenerse y consolidarse.\u00bb<\/em><\/p>\n<h2>\n\t\tOur history\n\t<\/h2>\n<!-- If both -->\n\t<ul>\n\t\t\t\t<li>\n\t\t\t\t\t\t<!--date-->\n\t\t\t\t<!--Timeline-customcontent-->\n\t\t\t\t<!--\/.Timeline-customcontent-->\n\t\t\t<!--\/.date-->\n\t\t\t<!--icon-->\n\t\t\t<!--\/.icon-->\n\t\t\t<!--Timline-Content-->\n\t\t\t\t\t<!--Timline-Title-->\n\t\t\t\t\t<h3>\n\t\t\t\t\t\t1977\t\t\t\t\t<\/h3>\n\t\t\t\t\t<!--\/.Timline-Title-->\n\t\t\t\t\t<!--Timline-description-->\n\t\t\t\t\t<p class=\" translation-block\">Our parents Miguel &amp; Purificaci\u00f3n started with the <strong>marketing of in-shell almonds<\/strong><\/p>\n\t\t\t\t\t<!--\/.Timline-description-->\n\t\t\t<!--\/.Timline-Content-->\n\t\t<\/li>\n\t\t\t\t<li>\n\t\t\t\t\t\t<!--date-->\n\t\t\t\t<!--Timeline-customcontent-->\n\t\t\t\t<!--\/.Timeline-customcontent-->\n\t\t\t<!--\/.date-->\n\t\t\t<!--icon-->\n\t\t\t<!--\/.icon-->\n\t\t\t<!--Timline-Content-->\n\t\t\t\t\t<!--Timline-Title-->\n\t\t\t\t\t<h3>\n\t\t\t\t\t\t1993\t\t\t\t\t<\/h3>\n\t\t\t\t\t<!--\/.Timline-Title-->\n\t\t\t\t\t<!--Timline-description-->\n\t\t\t\t\t<p class=\" translation-block\">Acquisition of our <strong>first almond cracking shelling machine<\/strong> and establishment of Almendras\nL\u00f3pez SL.<\/p>\n\t\t\t\t\t<!--\/.Timline-description-->\n\t\t\t<!--\/.Timline-Content-->\n\t\t<\/li>\n\t\t\t\t<li>\n\t\t\t\t\t\t<!--date-->\n\t\t\t\t<!--Timeline-customcontent-->\n\t\t\t\t<!--\/.Timeline-customcontent-->\n\t\t\t<!--\/.date-->\n\t\t\t<!--icon-->\n\t\t\t<!--\/.icon-->\n\t\t\t<!--Timline-Content-->\n\t\t\t\t\t<!--Timline-Title-->\n\t\t\t\t\t<h3>\n\t\t\t\t\t\t1997\t\t\t\t\t<\/h3>\n\t\t\t\t\t<!--\/.Timline-Title-->\n\t\t\t\t\t<!--Timline-description-->\n\t\t\t\t\t<p class=\" translation-block\">Expansion of our <strong>facilities after the purchasing of a second warehouse.<\/strong><\/p>\n\t\t\t\t\t<!--\/.Timline-description-->\n\t\t\t<!--\/.Timline-Content-->\n\t\t<\/li>\n\t\t\t\t<li>\n\t\t\t\t\t\t<!--date-->\n\t\t\t\t<!--Timeline-customcontent-->\n\t\t\t\t<!--\/.Timeline-customcontent-->\n\t\t\t<!--\/.date-->\n\t\t\t<!--icon-->\n\t\t\t<!--\/.icon-->\n\t\t\t<!--Timline-Content-->\n\t\t\t\t\t<!--Timline-Title-->\n\t\t\t\t\t<h3>\n\t\t\t\t\t\t2014\t\t\t\t\t<\/h3>\n\t\t\t\t\t<!--\/.Timline-Title-->\n\t\t\t\t\t<!--Timline-description-->\n\t\t\t\t\t<p>Se produce el relevo generacional de nuestros padres en la direcci\u00f3n de la empresa. Comenzamos a ofrecer tambi\u00e9n<strong>\u00a0almendra ecol\u00f3gica.\u00a0<\/strong><\/p>\n\t\t\t\t\t<!--\/.Timline-description-->\n\t\t\t<!--\/.Timline-Content-->\n\t\t<\/li>\n\t\t\t\t<li>\n\t\t\t\t\t\t<!--date-->\n\t\t\t\t\tSep 12, 2021\t\t\t\t\n\t\t\t<!--\/.date-->\n\t\t\t<!--icon-->\n\t\t\t<!--\/.icon-->\n\t\t\t<!--Timline-Content-->\n\t\t\t\t\t<!--Timline-Title-->\n\t\t\t\t\t<h3>\n\t\t\t\t\t\t2015\t\t\t\t\t<\/h3>\n\t\t\t\t\t<!--\/.Timline-Title-->\n\t\t\t\t\t<!--Timline-description-->\n\t\t\t\t\t<p class=\" translation-block\"><strong>Our first export<\/strong> to Germany and our integration as members of Descalmendra.<\/p>\n\t\t\t\t\t<!--\/.Timline-description-->\n\t\t\t<!--\/.Timline-Content-->\n\t\t<\/li>\n\t\t\t\t<li>\n\t\t\t\t\t\t<!--date-->\n\t\t\t\t\tSep 12, 2021\t\t\t\t\n\t\t\t<!--\/.date-->\n\t\t\t<!--icon-->\n\t\t\t<!--\/.icon-->\n\t\t\t<!--Timline-Content-->\n\t\t\t\t\t<!--Timline-Title-->\n\t\t\t\t\t<h3>\n\t\t\t\t\t\t2016\t\t\t\t\t<\/h3>\n\t\t\t\t\t<!--\/.Timline-Title-->\n\t\t\t\t\t<!--Timline-description-->\n\t\t\t\t\t<p class=\" translation-block\">We <strong>import for the first time from California. <\/strong>Our three first containers of Carmel 23\/25. Also, <strong>we continue exporting<\/strong> our almonds to our closest neighbour countries: France and Italy and the rest of Europe.<\/p>\n\t\t\t\t\t<!--\/.Timline-description-->\n\t\t\t<!--\/.Timline-Content-->\n\t\t<\/li>\n\t\t\t\t<li>\n\t\t\t\t\t\t<!--date-->\n\t\t\t\t\tSep 12, 2021\t\t\t\t\n\t\t\t<!--\/.date-->\n\t\t\t<!--icon-->\n\t\t\t<!--\/.icon-->\n\t\t\t<!--Timline-Content-->\n\t\t\t\t\t<!--Timline-Title-->\n\t\t\t\t\t<h3>\n\t\t\t\t\t\t2018\t\t\t\t\t<\/h3>\n\t\t\t\t\t<!--\/.Timline-Title-->\n\t\t\t\t\t<!--Timline-description-->\n\t\t\t\t\t<p class=\" translation-block\">Integration as <strong>members of the INC<\/strong> and our first attendance to an international trade fair.<\/p>\n\t\t\t\t\t<!--\/.Timline-description-->\n\t\t\t<!--\/.Timline-Content-->\n\t\t<\/li>\n\t\t\t\t<li>\n\t\t\t\t\t\t<!--date-->\n\t\t\t\t\tSep 12, 2021\t\t\t\t\n\t\t\t<!--\/.date-->\n\t\t\t<!--icon-->\n\t\t\t<!--\/.icon-->\n\t\t\t<!--Timline-Content-->\n\t\t\t\t\t<!--Timline-Title-->\n\t\t\t\t\t<h3>\n\t\t\t\t\t\t2019\t\t\t\t\t<\/h3>\n\t\t\t\t\t<!--\/.Timline-Title-->\n\t\t\t\t\t<!--Timline-description-->\n\t\t\t\t\t<p class=\" translation-block\">Acquisition of <strong>new machinery<\/strong> and enlargement of <strong>our professional team.<\/strong><\/p>\n\t\t\t\t\t<!--\/.Timline-description-->\n\t\t\t<!--\/.Timline-Content-->\n\t\t<\/li>\n\t\t\t\t<li>\n\t\t\t\t\t\t<!--date-->\n\t\t\t\t\tSep 12, 2021\t\t\t\t\n\t\t\t<!--\/.date-->\n\t\t\t<!--icon-->\n\t\t\t<!--\/.icon-->\n\t\t\t<!--Timline-Content-->\n\t\t\t\t\t<!--Timline-Title-->\n\t\t\t\t\t<h3>\n\t\t\t\t\t\t2020\t\t\t\t\t<\/h3>\n\t\t\t\t\t<!--\/.Timline-Title-->\n\t\t\t\t\t<!--Timline-description-->\n\t\t\t\t\t<p>Obtenemos las certificaciones de calidad ISO 2200 e ISO 14001.<\/p>\n\t\t\t\t\t<!--\/.Timline-description-->\n\t\t\t<!--\/.Timline-Content-->\n\t\t<\/li>\n\t\t\t\t<li>\n\t\t\t\t\t\t<!--date-->\n\t\t\t\t\tSep 12, 2021\t\t\t\t\n\t\t\t<!--\/.date-->\n\t\t\t<!--icon-->\n\t\t\t<!--\/.icon-->\n\t\t\t<!--Timline-Content-->\n\t\t\t\t\t<!--Timline-Title-->\n\t\t\t\t\t<h3>\n\t\t\t\t\t\t2021\t\t\t\t\t<\/h3>\n\t\t\t\t\t<!--\/.Timline-Title-->\n\t\t\t\t\t<!--Timline-description-->\n\t\t\t\t\t<p class=\" translation-block\">Creation of our own <strong>Export Department,<\/strong> together with the <strong>expansion of our facilities<\/strong> and an <strong>important change of our corporative image.<\/strong><\/p>\n\t\t\t\t\t<!--\/.Timline-description-->\n\t\t\t<!--\/.Timline-Content-->\n\t\t<\/li>\n\t\t\t<\/ul>\n\t\t\t<a href=\"https:\/\/www.almendraslopez.com\/en\/almendras-a-granel\/\" target=\"_self\" role=\"button\" rel=\"noopener\">\n\t\t\t\t\t\t\tknow our products\n\t\t\t\t\t<\/a>","protected":false},"excerpt":{"rendered":"<p>Qui\u00e9nes somos Or\u00edgenes Los or\u00edgenes de Almendras L\u00f3pez se remontan al a\u00f1o 1977 cuando nuestro padre, Miguel L\u00f3pez, comienza con la compraventa de almendras con c\u00e1scara. D\u00e9cadas despu\u00e9s, en el a\u00f1o 1993 constituye junto a nuestra madre, Purificaci\u00f3n Maldonado, la empresa tal y como la conocemos hoy. Desde el inicio, se ha tratado de una &#8230; <a title=\"Qui\u00e9nes Somos\" class=\"read-more\" href=\"https:\/\/www.almendraslopez.com\/en\/quienes-somos\/\" aria-label=\"More on Qui\u00e9nes Somos\" data-no-translation=\"\" data-trp-gettext=\"\">Read more<\/a><\/p>","protected":false},"author":1,"featured_media":0,"parent":0,"menu_order":0,"comment_status":"closed","ping_status":"closed","template":"","meta":{"footnotes":""},"class_list":["post-16","page","type-page","status-publish"],"acf":[],"yoast_head":"<!-- This site is optimized with the Yoast SEO plugin v19.9 - https:\/\/yoast.com\/wordpress\/plugins\/seo\/ -->\n<title>Qui\u00e9nes Somos - Almendras L\u00f3pez<\/title>\n<meta name=\"description\" content=\"Somos una empresa peque\u00f1a familiar con m\u00e1s de 30 a\u00f1os de experiencia en el sector de la almendra. \u00a1Pasa a conocer nuestro negocio!\" \/>\n<meta name=\"robots\" content=\"index, follow, max-snippet:-1, max-image-preview:large, max-video-preview:-1\" \/>\n<link rel=\"canonical\" href=\"https:\/\/www.almendraslopez.com\/en\/quienes-somos\/\" \/>\n<meta property=\"og:locale\" content=\"en_GB\" \/>\n<meta property=\"og:type\" content=\"article\" \/>\n<meta property=\"og:title\" content=\"Qui\u00e9nes Somos - Almendras L\u00f3pez\" \/>\n<meta property=\"og:description\" content=\"Somos una empresa peque\u00f1a familiar con m\u00e1s de 30 a\u00f1os de experiencia en el sector de la almendra. \u00a1Pasa a conocer nuestro negocio!\" \/>\n<meta property=\"og:url\" content=\"https:\/\/www.almendraslopez.com\/en\/quienes-somos\/\" \/>\n<meta property=\"og:site_name\" content=\"Almendras L\u00f3pez\" \/>\n<meta property=\"article:publisher\" content=\"https:\/\/www.facebook.com\/Almendras-L%c3%b3pez-103807578606709\" \/>\n<meta property=\"article:modified_time\" content=\"2023-07-07T09:48:32+00:00\" \/>\n<meta property=\"og:image\" content=\"https:\/\/www.almendraslopez.com\/wp-content\/uploads\/2021\/09\/Grupo-58-1.png\" \/>\n<meta name=\"twitter:card\" content=\"summary_large_image\" \/>\n<meta name=\"twitter:label1\" content=\"Estimated reading time\" \/>\n\t<meta name=\"twitter:data1\" content=\"2 minutes\" \/>\n<script type=\"application\/ld+json\" class=\"yoast-schema-graph\">{\"@context\":\"https:\/\/schema.org\",\"@graph\":[{\"@type\":\"WebPage\",\"@id\":\"https:\/\/www.almendraslopez.com\/quienes-somos\/\",\"url\":\"https:\/\/www.almendraslopez.com\/quienes-somos\/\",\"name\":\"Qui\u00e9nes Somos - Almendras L\u00f3pez\",\"isPartOf\":{\"@id\":\"https:\/\/www.almendraslopez.com\/#website\"},\"datePublished\":\"2021-09-08T11:58:22+00:00\",\"dateModified\":\"2023-07-07T09:48:32+00:00\",\"description\":\"Somos una empresa peque\u00f1a familiar con m\u00e1s de 30 a\u00f1os de experiencia en el sector de la almendra. \u00a1Pasa a conocer nuestro negocio!\",\"breadcrumb\":{\"@id\":\"https:\/\/www.almendraslopez.com\/quienes-somos\/#breadcrumb\"},\"inLanguage\":\"en-GB\",\"potentialAction\":[{\"@type\":\"ReadAction\",\"target\":[\"https:\/\/www.almendraslopez.com\/quienes-somos\/\"]}]},{\"@type\":\"BreadcrumbList\",\"@id\":\"https:\/\/www.almendraslopez.com\/quienes-somos\/#breadcrumb\",\"itemListElement\":[{\"@type\":\"ListItem\",\"position\":1,\"name\":\"Portada\",\"item\":\"https:\/\/www.almendraslopez.com\/\"},{\"@type\":\"ListItem\",\"position\":2,\"name\":\"Qui\u00e9nes Somos\"}]},{\"@type\":\"WebSite\",\"@id\":\"https:\/\/www.almendraslopez.com\/#website\",\"url\":\"https:\/\/www.almendraslopez.com\/\",\"name\":\"Almendras L\u00f3pez\",\"description\":\"Expertos en comercializaci\u00f3n de almendras\",\"publisher\":{\"@id\":\"https:\/\/www.almendraslopez.com\/#organization\"},\"potentialAction\":[{\"@type\":\"SearchAction\",\"target\":{\"@type\":\"EntryPoint\",\"urlTemplate\":\"https:\/\/www.almendraslopez.com\/?s={search_term_string}\"},\"query-input\":\"required name=search_term_string\"}],\"inLanguage\":\"en-GB\"},{\"@type\":\"Organization\",\"@id\":\"https:\/\/www.almendraslopez.com\/#organization\",\"name\":\"Almendras L\u00f3pez: proveedores de almendra\",\"url\":\"https:\/\/www.almendraslopez.com\/\",\"logo\":{\"@type\":\"ImageObject\",\"inLanguage\":\"en-GB\",\"@id\":\"https:\/\/www.almendraslopez.com\/#\/schema\/logo\/image\/\",\"url\":\"https:\/\/www.almendraslopez.com\/wp-content\/uploads\/2021\/09\/cropped-Grupo-234.png\",\"contentUrl\":\"https:\/\/www.almendraslopez.com\/wp-content\/uploads\/2021\/09\/cropped-Grupo-234.png\",\"width\":164,\"height\":63,\"caption\":\"Almendras L\u00f3pez: proveedores de almendra\"},\"image\":{\"@id\":\"https:\/\/www.almendraslopez.com\/#\/schema\/logo\/image\/\"},\"sameAs\":[\"https:\/\/www.instagram.com\/almendras_lopez\/\",\"https:\/\/www.linkedin.com\/company\/almendras-l\u00f3pez\/\",\"https:\/\/www.facebook.com\/Almendras-L\u00f3pez-103807578606709\"]}]}<\/script>\n<!-- \/ Yoast SEO plugin. -->","yoast_head_json":{"title":"Qui\u00e9nes Somos - Almendras L\u00f3pez","description":"Somos una empresa peque\u00f1a familiar con m\u00e1s de 30 a\u00f1os de experiencia en el sector de la almendra. \u00a1Pasa a conocer nuestro negocio!","robots":{"index":"index","follow":"follow","max-snippet":"max-snippet:-1","max-image-preview":"max-image-preview:large","max-video-preview":"max-video-preview:-1"},"canonical":"https:\/\/www.almendraslopez.com\/en\/quienes-somos\/","og_locale":"en_GB","og_type":"article","og_title":"Qui\u00e9nes Somos - Almendras L\u00f3pez","og_description":"Somos una empresa peque\u00f1a familiar con m\u00e1s de 30 a\u00f1os de experiencia en el sector de la almendra. \u00a1Pasa a conocer nuestro negocio!","og_url":"https:\/\/www.almendraslopez.com\/en\/quienes-somos\/","og_site_name":"Almendras L\u00f3pez","article_publisher":"https:\/\/www.facebook.com\/Almendras-L%c3%b3pez-103807578606709","article_modified_time":"2023-07-07T09:48:32+00:00","og_image":[{"url":"https:\/\/www.almendraslopez.com\/wp-content\/uploads\/2021\/09\/Grupo-58-1.png"}],"twitter_card":"summary_large_image","twitter_misc":{"Estimated reading time":"2 minutes"},"schema":{"@context":"https:\/\/schema.org","@graph":[{"@type":"WebPage","@id":"https:\/\/www.almendraslopez.com\/quienes-somos\/","url":"https:\/\/www.almendraslopez.com\/quienes-somos\/","name":"Qui\u00e9nes Somos - Almendras L\u00f3pez","isPartOf":{"@id":"https:\/\/www.almendraslopez.com\/#website"},"datePublished":"2021-09-08T11:58:22+00:00","dateModified":"2023-07-07T09:48:32+00:00","description":"Somos una empresa peque\u00f1a familiar con m\u00e1s de 30 a\u00f1os de experiencia en el sector de la almendra. \u00a1Pasa a conocer nuestro negocio!","breadcrumb":{"@id":"https:\/\/www.almendraslopez.com\/quienes-somos\/#breadcrumb"},"inLanguage":"en-GB","potentialAction":[{"@type":"ReadAction","target":["https:\/\/www.almendraslopez.com\/quienes-somos\/"]}]},{"@type":"BreadcrumbList","@id":"https:\/\/www.almendraslopez.com\/quienes-somos\/#breadcrumb","itemListElement":[{"@type":"ListItem","position":1,"name":"Portada","item":"https:\/\/www.almendraslopez.com\/"},{"@type":"ListItem","position":2,"name":"Qui\u00e9nes Somos"}]},{"@type":"WebSite","@id":"https:\/\/www.almendraslopez.com\/#website","url":"https:\/\/www.almendraslopez.com\/","name":"Almendras L\u00f3pez","description":"Expertos en comercializaci\u00f3n de almendras","publisher":{"@id":"https:\/\/www.almendraslopez.com\/#organization"},"potentialAction":[{"@type":"SearchAction","target":{"@type":"EntryPoint","urlTemplate":"https:\/\/www.almendraslopez.com\/?s={search_term_string}"},"query-input":"required name=search_term_string"}],"inLanguage":"en-GB"},{"@type":"Organization","@id":"https:\/\/www.almendraslopez.com\/#organization","name":"Almendras L\u00f3pez: proveedores de almendra","url":"https:\/\/www.almendraslopez.com\/","logo":{"@type":"ImageObject","inLanguage":"en-GB","@id":"https:\/\/www.almendraslopez.com\/#\/schema\/logo\/image\/","url":"https:\/\/www.almendraslopez.com\/wp-content\/uploads\/2021\/09\/cropped-Grupo-234.png","contentUrl":"https:\/\/www.almendraslopez.com\/wp-content\/uploads\/2021\/09\/cropped-Grupo-234.png","width":164,"height":63,"caption":"Almendras L\u00f3pez: proveedores de almendra"},"image":{"@id":"https:\/\/www.almendraslopez.com\/#\/schema\/logo\/image\/"},"sameAs":["https:\/\/www.instagram.com\/almendras_lopez\/","https:\/\/www.linkedin.com\/company\/almendras-l\u00f3pez\/","https:\/\/www.facebook.com\/Almendras-L\u00f3pez-103807578606709"]}]}},"_links":{"self":[{"href":"https:\/\/www.almendraslopez.com\/en\/wp-json\/wp\/v2\/pages\/16","targetHints":{"allow":["GET"]}}],"collection":[{"href":"https:\/\/www.almendraslopez.com\/en\/wp-json\/wp\/v2\/pages"}],"about":[{"href":"https:\/\/www.almendraslopez.com\/en\/wp-json\/wp\/v2\/types\/page"}],"author":[{"embeddable":true,"href":"https:\/\/www.almendraslopez.com\/en\/wp-json\/wp\/v2\/users\/1"}],"replies":[{"embeddable":true,"href":"https:\/\/www.almendraslopez.com\/en\/wp-json\/wp\/v2\/comments?post=16"}],"version-history":[{"count":29,"href":"https:\/\/www.almendraslopez.com\/en\/wp-json\/wp\/v2\/pages\/16\/revisions"}],"predecessor-version":[{"id":1642,"href":"https:\/\/www.almendraslopez.com\/en\/wp-json\/wp\/v2\/pages\/16\/revisions\/1642"}],"wp:attachment":[{"href":"https:\/\/www.almendraslopez.com\/en\/wp-json\/wp\/v2\/media?parent=16"}],"curies":[{"name":"wp","href":"https:\/\/api.w.org\/{rel}","templated":true}]}}