{"id":1571,"date":"2021-10-18T06:13:40","date_gmt":"2021-10-18T06:13:40","guid":{"rendered":"https:\/\/www.almendraslopez.com\/?page_id=1571"},"modified":"2023-08-24T10:56:15","modified_gmt":"2023-08-24T10:56:15","slug":"contacto","status":"publish","type":"page","link":"https:\/\/www.almendraslopez.com\/en\/contacto\/","title":{"rendered":"Contact"},"content":{"rendered":"<p>Need help?<\/p>\n<h2>\n\t\tContact us\n\t<\/h2>\n\t<p>If you want to talk to us, you can do so by phone calling or by filling out our contact form, and we will inform you about our products.<\/p>\n\t<p>We will be happy to assist you and answer any question!<\/p>\n\t<p>General information<\/p>\n\t<p>Commercial information<\/p>\n\t<div role=\"form\" class=\"wpcf7\" id=\"wpcf7-f9-o1\" lang=\"es-ES\" dir=\"ltr\">\n<div class=\"screen-reader-response\"><p role=\"status\" aria-live=\"polite\" aria-atomic=\"true\"><\/p> <ul><\/ul><\/div>\n<form action=\"\/en\/wp-json\/wp\/v2\/pages\/1571#wpcf7-f9-o1\" method=\"post\" class=\"wpcf7-form init\" novalidate=\"novalidate\" data-status=\"init\" data-trp-original-action=\"\/en\/wp-json\/wp\/v2\/pages\/1571#wpcf7-f9-o1\">\n<div style=\"display: none;\">\n<input type=\"hidden\" name=\"_wpcf7\" value=\"9\" \/>\n<input type=\"hidden\" name=\"_wpcf7_version\" value=\"5.6.4\" \/>\n<input type=\"hidden\" name=\"_wpcf7_locale\" value=\"es_ES\" \/>\n<input type=\"hidden\" name=\"_wpcf7_unit_tag\" value=\"wpcf7-f9-o1\" \/>\n<input type=\"hidden\" name=\"_wpcf7_container_post\" value=\"0\" \/>\n<input type=\"hidden\" name=\"_wpcf7_posted_data_hash\" value=\"\" \/>\n<input type=\"hidden\" name=\"_wpcf7_recaptcha_response\" value=\"\" \/>\n<\/div>\n<div class=\"formulario-lopez\">\n<div class=\"row-form-lopez\">\n<label> <span class=\"wpcf7-form-control-wrap\" data-name=\"your-name\"><input type=\"text\" name=\"your-name\" value=\"\" size=\"40\" class=\"wpcf7-form-control wpcf7-text wpcf7-validates-as-required\" aria-required=\"true\" aria-invalid=\"false\" placeholder=\"Name and surname\" \/><\/span> <\/label> <\/div>\n<div class=\"row-form-lopez display-flex\">\n<div class=\"col-form lopez\">\n <label> <span class=\"wpcf7-form-control-wrap\" data-name=\"your-email\"><input type=\"email\" name=\"your-email\" value=\"\" size=\"40\" class=\"wpcf7-form-control wpcf7-text wpcf7-email wpcf7-validates-as-required wpcf7-validates-as-email\" aria-required=\"true\" aria-invalid=\"false\" placeholder=\"Email\" \/><\/span> <\/label> <\/div>\n<div class=\"col-form lopez-1\">\n <label> <span class=\"wpcf7-form-control-wrap\" data-name=\"telefono\"><input type=\"tel\" name=\"telefono\" value=\"\" size=\"40\" class=\"wpcf7-form-control wpcf7-text wpcf7-tel wpcf7-validates-as-tel\" aria-invalid=\"false\" placeholder=\"Telephone\" \/><\/span> <\/label> <\/div>\n<\/div>\n<div class=\"row-form-lopez\">\n<label> <span class=\"wpcf7-form-control-wrap\" data-name=\"your-subject\"><input type=\"text\" name=\"your-subject\" value=\"\" size=\"40\" class=\"wpcf7-form-control wpcf7-text wpcf7-validates-as-required\" aria-required=\"true\" aria-invalid=\"false\" placeholder=\"Subjet\" \/><\/span> <\/label> <\/div>\n<\/div>\n<div class=\"row-form-lopez\"> <label> Query <span class=\"wpcf7-form-control-wrap\" data-name=\"your-message\"><textarea name=\"your-message\" cols=\"40\" rows=\"10\" class=\"wpcf7-form-control wpcf7-textarea\" aria-invalid=\"false\"><\/textarea><\/span> <\/label> <\/div>\n<div class=\"row-form-lopez\"> <span class=\"wpcf7-form-control-wrap\" data-name=\"acceptance\"><span class=\"wpcf7-form-control wpcf7-acceptance\"><span class=\"wpcf7-list-item\"><label><input type=\"checkbox\" name=\"acceptance\" value=\"1\" aria-invalid=\"false\" \/><span class=\"wpcf7-list-item-label\">I expressly consent to <a href=\"https:\/\/www.almendraslopez.com\/en\/politica-de-privacidad\/\">the privacy policy<\/a><\/span><\/label><\/span><\/span><\/span> <\/div>\n<div class=\"row-form-lopez boton-enviar\">\n<span id=\"wpcf7-69f96b4469bc3-wrapper\" class=\"wpcf7-form-control-wrap honeypot-248-wrap\" style=\"display:none !important; visibility:hidden !important;\"><label for=\"wpcf7-69f96b4469bc3-field\" class=\"hp-message\" data-no-translation=\"\" data-trp-gettext=\"\">Please leave this field empty.<\/label><input id=\"wpcf7-69f96b4469bc3-field\"  placeholder=\"ciudad\"  class=\"wpcf7-form-control wpcf7-text\" type=\"text\" name=\"honeypot-248\" value=\"\" size=\"40\" tabindex=\"-1\" autocomplete=\"new-password\" \/><\/span><br \/>\n<input type=\"submit\" value=\"Send\" class=\"wpcf7-form-control has-spinner wpcf7-submit\" \/> <\/div>\n<input type=\"hidden\" name=\"trp-form-language\" value=\"en\"\/><\/div>\n<div class=\"wpcf7-response-output\" aria-hidden=\"true\"><\/div><\/form><\/div>\n\t\t\t\t<img loading=\"lazy\" decoding=\"async\" src=\"https:\/\/www.almendraslopez.com\/wp-content\/uploads\/2021\/10\/Grupo-1.png\" alt=\"Grupo 1\" itemprop=\"image\" height=\"99\" width=\"678\" title=\"Grupo 1\" onerror=\"this.style.display='none'\"  \/>\n\t<iframe src=\"https:\/\/www.google.com\/maps\/embed\/v1\/place?q=36%C2%B047%2717.1%22N+3%C2%B012%2703.5%22W&#038;key=AIzaSyD09zQ9PNDNNy9TadMuzRV_UsPUoWKntt8\" aria-hidden=\"true\" title=\"Almendras L\u00f3pez\"><\/iframe>\n<h4>\n\t\tContact\n\t<\/h4>\n<h4>\n\t\tLinks\n\t<\/h4>\n<h4>\n\t\tPrivacy\n\t<\/h4>\n\t\t\t\t<img loading=\"lazy\" decoding=\"async\" src=\"https:\/\/www.almendraslopez.com\/wp-content\/uploads\/2021\/10\/Certificaciones_email_AlmendrasLopez_v3-removebg-preview-1.png\" alt=\"Certificaciones_email_AlmendrasLopez_v3-removebg-preview\" itemprop=\"image\" height=\"99\" width=\"801\" title=\"Certificaciones_email_AlmendrasLopez_v3-removebg-preview\" onerror=\"this.style.display='none'\"  \/>\n\t<p>Copyright Almendras L\u00f3pez \u00b7 <a href=\"https:\/\/omibu.com\/\" target=\"_blank\" rel=\"noopener\">Factum \u00f3mibu<\/a><\/p>","protected":false},"excerpt":{"rendered":"<p>\u00bfNecesitas ayuda? Contacta con nosotros Si deseas hablar con nosotros, puedes hacerlo a trav\u00e9s de nuestro tel\u00e9fono o bien rellenando nuestro formulario de contacto y te informaremos sobre nuestros productos. \u00a1Estaremos encantados de poder atenderte y resolverte cualquier duda! Informaci\u00f3n general Informaci\u00f3n comercial Contacto Enlaces Privacidad Copyright Almendras L\u00f3pez \u00b7 Factum \u00f3mibu<\/p>","protected":false},"author":1,"featured_media":0,"parent":0,"menu_order":0,"comment_status":"closed","ping_status":"closed","template":"","meta":{"footnotes":""},"class_list":["post-1571","page","type-page","status-publish"],"acf":[],"yoast_head":"<!-- This site is optimized with the Yoast SEO plugin v19.9 - https:\/\/yoast.com\/wordpress\/plugins\/seo\/ -->\n<title>Contacto - Almendras L\u00f3pez<\/title>\n<meta name=\"robots\" content=\"index, follow, max-snippet:-1, max-image-preview:large, max-video-preview:-1\" \/>\n<link rel=\"canonical\" href=\"https:\/\/www.almendraslopez.com\/en\/contacto\/\" \/>\n<meta property=\"og:locale\" content=\"en_GB\" \/>\n<meta property=\"og:type\" content=\"article\" \/>\n<meta property=\"og:title\" content=\"Contacto - Almendras L\u00f3pez\" \/>\n<meta property=\"og:description\" content=\"\u00bfNecesitas ayuda? Contacta con nosotros Si deseas hablar con nosotros, puedes hacerlo a trav\u00e9s de nuestro tel\u00e9fono o bien rellenando nuestro formulario de contacto y te informaremos sobre nuestros productos. \u00a1Estaremos encantados de poder atenderte y resolverte cualquier duda! Informaci\u00f3n general Informaci\u00f3n comercial Contacto Enlaces Privacidad Copyright Almendras L\u00f3pez \u00b7 Factum \u00f3mibu\" \/>\n<meta property=\"og:url\" content=\"https:\/\/www.almendraslopez.com\/en\/contacto\/\" \/>\n<meta property=\"og:site_name\" content=\"Almendras L\u00f3pez\" \/>\n<meta property=\"article:publisher\" content=\"https:\/\/www.facebook.com\/Almendras-L%c3%b3pez-103807578606709\" \/>\n<meta property=\"article:modified_time\" content=\"2023-08-24T10:56:15+00:00\" \/>\n<meta property=\"og:image\" content=\"https:\/\/www.almendraslopez.com\/wp-content\/uploads\/2021\/10\/Grupo-1.png\" \/>\n<meta name=\"twitter:card\" content=\"summary_large_image\" \/>\n<script type=\"application\/ld+json\" class=\"yoast-schema-graph\">{\"@context\":\"https:\/\/schema.org\",\"@graph\":[{\"@type\":\"WebPage\",\"@id\":\"https:\/\/www.almendraslopez.com\/contacto\/\",\"url\":\"https:\/\/www.almendraslopez.com\/contacto\/\",\"name\":\"Contacto - Almendras L\u00f3pez\",\"isPartOf\":{\"@id\":\"https:\/\/www.almendraslopez.com\/#website\"},\"datePublished\":\"2021-10-18T06:13:40+00:00\",\"dateModified\":\"2023-08-24T10:56:15+00:00\",\"breadcrumb\":{\"@id\":\"https:\/\/www.almendraslopez.com\/contacto\/#breadcrumb\"},\"inLanguage\":\"en-GB\",\"potentialAction\":[{\"@type\":\"ReadAction\",\"target\":[\"https:\/\/www.almendraslopez.com\/contacto\/\"]}]},{\"@type\":\"BreadcrumbList\",\"@id\":\"https:\/\/www.almendraslopez.com\/contacto\/#breadcrumb\",\"itemListElement\":[{\"@type\":\"ListItem\",\"position\":1,\"name\":\"Portada\",\"item\":\"https:\/\/www.almendraslopez.com\/\"},{\"@type\":\"ListItem\",\"position\":2,\"name\":\"Contacto\"}]},{\"@type\":\"WebSite\",\"@id\":\"https:\/\/www.almendraslopez.com\/#website\",\"url\":\"https:\/\/www.almendraslopez.com\/\",\"name\":\"Almendras L\u00f3pez\",\"description\":\"Expertos en comercializaci\u00f3n de almendras\",\"publisher\":{\"@id\":\"https:\/\/www.almendraslopez.com\/#organization\"},\"potentialAction\":[{\"@type\":\"SearchAction\",\"target\":{\"@type\":\"EntryPoint\",\"urlTemplate\":\"https:\/\/www.almendraslopez.com\/?s={search_term_string}\"},\"query-input\":\"required name=search_term_string\"}],\"inLanguage\":\"en-GB\"},{\"@type\":\"Organization\",\"@id\":\"https:\/\/www.almendraslopez.com\/#organization\",\"name\":\"Almendras L\u00f3pez: proveedores de almendra\",\"url\":\"https:\/\/www.almendraslopez.com\/\",\"logo\":{\"@type\":\"ImageObject\",\"inLanguage\":\"en-GB\",\"@id\":\"https:\/\/www.almendraslopez.com\/#\/schema\/logo\/image\/\",\"url\":\"https:\/\/www.almendraslopez.com\/wp-content\/uploads\/2021\/09\/cropped-Grupo-234.png\",\"contentUrl\":\"https:\/\/www.almendraslopez.com\/wp-content\/uploads\/2021\/09\/cropped-Grupo-234.png\",\"width\":164,\"height\":63,\"caption\":\"Almendras L\u00f3pez: proveedores de almendra\"},\"image\":{\"@id\":\"https:\/\/www.almendraslopez.com\/#\/schema\/logo\/image\/\"},\"sameAs\":[\"https:\/\/www.instagram.com\/almendras_lopez\/\",\"https:\/\/www.linkedin.com\/company\/almendras-l\u00f3pez\/\",\"https:\/\/www.facebook.com\/Almendras-L\u00f3pez-103807578606709\"]}]}<\/script>\n<!-- \/ Yoast SEO plugin. -->","yoast_head_json":{"title":"Contacto - Almendras L\u00f3pez","robots":{"index":"index","follow":"follow","max-snippet":"max-snippet:-1","max-image-preview":"max-image-preview:large","max-video-preview":"max-video-preview:-1"},"canonical":"https:\/\/www.almendraslopez.com\/en\/contacto\/","og_locale":"en_GB","og_type":"article","og_title":"Contacto - Almendras L\u00f3pez","og_description":"\u00bfNecesitas ayuda? Contacta con nosotros Si deseas hablar con nosotros, puedes hacerlo a trav\u00e9s de nuestro tel\u00e9fono o bien rellenando nuestro formulario de contacto y te informaremos sobre nuestros productos. \u00a1Estaremos encantados de poder atenderte y resolverte cualquier duda! Informaci\u00f3n general Informaci\u00f3n comercial Contacto Enlaces Privacidad Copyright Almendras L\u00f3pez \u00b7 Factum \u00f3mibu","og_url":"https:\/\/www.almendraslopez.com\/en\/contacto\/","og_site_name":"Almendras L\u00f3pez","article_publisher":"https:\/\/www.facebook.com\/Almendras-L%c3%b3pez-103807578606709","article_modified_time":"2023-08-24T10:56:15+00:00","og_image":[{"url":"https:\/\/www.almendraslopez.com\/wp-content\/uploads\/2021\/10\/Grupo-1.png"}],"twitter_card":"summary_large_image","schema":{"@context":"https:\/\/schema.org","@graph":[{"@type":"WebPage","@id":"https:\/\/www.almendraslopez.com\/contacto\/","url":"https:\/\/www.almendraslopez.com\/contacto\/","name":"Contacto - Almendras L\u00f3pez","isPartOf":{"@id":"https:\/\/www.almendraslopez.com\/#website"},"datePublished":"2021-10-18T06:13:40+00:00","dateModified":"2023-08-24T10:56:15+00:00","breadcrumb":{"@id":"https:\/\/www.almendraslopez.com\/contacto\/#breadcrumb"},"inLanguage":"en-GB","potentialAction":[{"@type":"ReadAction","target":["https:\/\/www.almendraslopez.com\/contacto\/"]}]},{"@type":"BreadcrumbList","@id":"https:\/\/www.almendraslopez.com\/contacto\/#breadcrumb","itemListElement":[{"@type":"ListItem","position":1,"name":"Portada","item":"https:\/\/www.almendraslopez.com\/"},{"@type":"ListItem","position":2,"name":"Contacto"}]},{"@type":"WebSite","@id":"https:\/\/www.almendraslopez.com\/#website","url":"https:\/\/www.almendraslopez.com\/","name":"Almendras L\u00f3pez","description":"Expertos en comercializaci\u00f3n de almendras","publisher":{"@id":"https:\/\/www.almendraslopez.com\/#organization"},"potentialAction":[{"@type":"SearchAction","target":{"@type":"EntryPoint","urlTemplate":"https:\/\/www.almendraslopez.com\/?s={search_term_string}"},"query-input":"required name=search_term_string"}],"inLanguage":"en-GB"},{"@type":"Organization","@id":"https:\/\/www.almendraslopez.com\/#organization","name":"Almendras L\u00f3pez: proveedores de almendra","url":"https:\/\/www.almendraslopez.com\/","logo":{"@type":"ImageObject","inLanguage":"en-GB","@id":"https:\/\/www.almendraslopez.com\/#\/schema\/logo\/image\/","url":"https:\/\/www.almendraslopez.com\/wp-content\/uploads\/2021\/09\/cropped-Grupo-234.png","contentUrl":"https:\/\/www.almendraslopez.com\/wp-content\/uploads\/2021\/09\/cropped-Grupo-234.png","width":164,"height":63,"caption":"Almendras L\u00f3pez: proveedores de almendra"},"image":{"@id":"https:\/\/www.almendraslopez.com\/#\/schema\/logo\/image\/"},"sameAs":["https:\/\/www.instagram.com\/almendras_lopez\/","https:\/\/www.linkedin.com\/company\/almendras-l\u00f3pez\/","https:\/\/www.facebook.com\/Almendras-L\u00f3pez-103807578606709"]}]}},"_links":{"self":[{"href":"https:\/\/www.almendraslopez.com\/en\/wp-json\/wp\/v2\/pages\/1571","targetHints":{"allow":["GET"]}}],"collection":[{"href":"https:\/\/www.almendraslopez.com\/en\/wp-json\/wp\/v2\/pages"}],"about":[{"href":"https:\/\/www.almendraslopez.com\/en\/wp-json\/wp\/v2\/types\/page"}],"author":[{"embeddable":true,"href":"https:\/\/www.almendraslopez.com\/en\/wp-json\/wp\/v2\/users\/1"}],"replies":[{"embeddable":true,"href":"https:\/\/www.almendraslopez.com\/en\/wp-json\/wp\/v2\/comments?post=1571"}],"version-history":[{"count":6,"href":"https:\/\/www.almendraslopez.com\/en\/wp-json\/wp\/v2\/pages\/1571\/revisions"}],"predecessor-version":[{"id":1644,"href":"https:\/\/www.almendraslopez.com\/en\/wp-json\/wp\/v2\/pages\/1571\/revisions\/1644"}],"wp:attachment":[{"href":"https:\/\/www.almendraslopez.com\/en\/wp-json\/wp\/v2\/media?parent=1571"}],"curies":[{"name":"wp","href":"https:\/\/api.w.org\/{rel}","templated":true}]}}