{"id":14,"date":"2021-09-08T11:57:53","date_gmt":"2021-09-08T11:57:53","guid":{"rendered":"https:\/\/www.almendraslopez.com\/?page_id=14"},"modified":"2022-04-06T12:14:16","modified_gmt":"2022-04-06T12:14:16","slug":"almendras-lopez","status":"publish","type":"page","link":"https:\/\/www.almendraslopez.com\/en\/","title":{"rendered":"Proveedores de almendra"},"content":{"rendered":"<img decoding=\"async\" loading='false' src=\"https:\/\/www.almendraslopez.com\/wp-content\/uploads\/2021\/10\/Grupo-230-min-min-1.jpg\" alt=\"\" \/>\t\t\t\r\n<p>Almond experts<\/p>\r\n<p>Quality and continuous evolution<\/p>\r\n<p>Since<\/p>\r\n<p>1977<\/p>\r\n<p>&nbsp;<\/p>\r\n\t\t\t\t<a href=\"#almendras\" target=\"_self\" itemprop=\"url\" rel=\"noopener\">\r\n\t\t\t\t<img loading=\"lazy\" decoding=\"async\" src=\"https:\/\/www.almendraslopez.com\/wp-content\/uploads\/2021\/09\/Grupo-58.png\" alt=\"Grupo 58\" itemprop=\"image\" height=\"90\" width=\"56\" title=\"Grupo 58\" onerror=\"this.style.display='none'\"  \/>\r\n\t\t\t\t<\/a>\r\n\t\t\t<img decoding=\"async\" loading='false' src=\"https:\/\/www.almendraslopez.com\/wp-content\/uploads\/2021\/09\/Grupo-230-7.jpg\" alt=\"\" \/>\t\t\t\r\n\t\t\t\t<a href=\"#almendras\" target=\"_self\" itemprop=\"url\" rel=\"noopener\">\r\n\t\t\t\t<img loading=\"lazy\" decoding=\"async\" src=\"https:\/\/www.almendraslopez.com\/wp-content\/uploads\/2021\/09\/Grupo-58.png\" alt=\"Grupo 58\" itemprop=\"image\" height=\"90\" width=\"56\" title=\"Grupo 58\" onerror=\"this.style.display='none'\"  \/>\r\n\t\t\t\t<\/a>\r\n\t\t\t\t<img loading=\"lazy\" decoding=\"async\" src=\"https:\/\/www.almendraslopez.com\/wp-content\/uploads\/2021\/10\/Grupo-231-min.jpg\" alt=\"Grupo-231-min\" itemprop=\"image\" height=\"574\" width=\"774\" title=\"Grupo-231-min\" onerror=\"this.style.display='none'\"  \/>\r\n\t<p>With presence in more than 30 countries<\/p>\r\n<h1 class=\" translation-block\">Almond suppliers<\/h1>\r\n\t<p>At Almendras L\u00f3pez we are <strong>specialists in the marketing of almonds.<\/strong>. Working with a selected network of both national and international suppliers, we are always looking for the best cultivated crops to make our selection at origin. This close selection, together with our commitment and effort, enables us to offer a reliable product with the highest quality.<\/p>\r\n\t\t\t\t<img loading=\"lazy\" decoding=\"async\" src=\"https:\/\/www.almendraslopez.com\/wp-content\/uploads\/2021\/10\/Grupo-231-min.jpg\" alt=\"Grupo-231-min\" itemprop=\"image\" height=\"574\" width=\"774\" title=\"Grupo-231-min\" onerror=\"this.style.display='none'\"  \/>\r\n\t\t\t\t<img loading=\"lazy\" decoding=\"async\" src=\"https:\/\/www.almendraslopez.com\/wp-content\/uploads\/2021\/10\/almond-2021-07-13-00-46-42-utc-2-1-min-1.jpg\" alt=\"almond-2021-07-13-00-46-42-utc-2 (1)-min\" itemprop=\"image\" height=\"794\" width=\"993\" title=\"almond-2021-07-13-00-46-42-utc-2 (1)-min\" onerror=\"this.style.display='none'\"  \/>\r\n\t\t\t\t<img decoding=\"async\" src=\"https:\/\/www.almendraslopez.com\/wp-content\/plugins\/bb-plugin\/img\/pixel.png\" alt=\"\" itemprop=\"image\" onerror=\"this.style.display='none'\"  \/>\r\n\t<p>For more than 40 years, we have been working in the <strong>wholesale distribution of almonds<\/strong> and thanks to our wide experience as <strong>almond suppliers.<\/strong> we have achieved an important market share\nin the export of our products. Currently, we offer our almonds in more than 30 countries.<\/p>\r\n\t<p>Our work in the<strong> export and import of almonds<\/strong> is very thorough, guaranteeing optimal food safety conditions with the aim of offering a quality product and satisfying our national and international clients\u2019 requirements. In this way, we take care of every detail on the <strong>almond transformation process.<\/strong><\/p>\r\n\t<p>As a result, we have currently expanded our project and built new facilities with the most innovative equipment and more storage capacity.<\/p>\r\n<p>Our purpose is always to improve as <b>almond suppliers. <\/b>We already hold the ISO 22000 certification\nfor Food Safety Management and the ISO 14001 for Environmental Management and we will continue working with the objective of obtaining more relevant certifications such as the IFS or the BRC.<\/p>\r\n\t\t\t<a href=\"https:\/\/www.almendraslopez.com\/en\/quienes-somos\/\" target=\"_self\" role=\"button\" rel=\"noopener\">\r\n\t\t\t\t\t\t\tKnow our history\r\n\t\t\t\t\t<\/a>\r\n<h2>\r\n\t\tQuality, commitment and customized service\r\n\t<\/h2>\r\n<h2>\r\n\t\tProducts\r\n\t<\/h2>\r\n\t<p>All our products are origin and quality certified and stand out for a unique and delicate flavor.<\/p>\r\n<p>Among the products in our catalog, we are offering <strong>conventional and organic almonds<\/strong> (from different origins, varieties and processing ways), including <strong>processed almonds<\/strong> such as slices, meal, slivers and dices.<\/p>\r\n<p class=\" translation-block\">At Almendras L\u00f3pez you can also find<strong> whole and chopped almond shells<\/strong>, which you can use as an excellent renewable fuel for stoves or heating boilers.<\/p>\r\n\t<p class=\" translation-block\">Our production process is distinguished by <strong>selecting the best inshell almonds<\/strong> from their place of origin in the land. With this aim, it results crucial to well know the market and have close contact with the right farmers. After this first selection, we <strong>crack the almond shells<\/strong> at our facilities and caliber and select them in order to offer the highest quality products according to our customers\u2019 requirements.<\/p>\r\n<p class=\" translation-block\">After this selection, we can prepare our almonds for <strong>blanching or processing<\/strong> and obtaining <strong>processed almonds.<\/strong><\/p>\r\n<p>In all phases of our production process, we use specialized machinery, which allows us to ensure the product quality and offer our customers the full guarantee of <b>buying almonds in perfect conditions.<\/b>.\u00a0<\/p>\r\n\t\t\t<a href=\"https:\/\/www.almendraslopez.com\/en\/almendras-a-granel\/\" target=\"_self\" role=\"button\" rel=\"noopener\">\r\n\t\t\t\t\t\t\tSee products\r\n\t\t\t\t\t<\/a>\r\n<h2 class=\" translation-block\">What makes our almonds different?<\/h2>\r\n<h2>\r\n\t\tDiscover the benefits of almonds\r\n\t<\/h2>\r\n\t\t\t\t<img loading=\"lazy\" decoding=\"async\" src=\"https:\/\/www.almendraslopez.com\/wp-content\/uploads\/2021\/09\/Grupo-75.png\" alt=\"Grupo 75\" itemprop=\"image\" height=\"69\" width=\"68\" title=\"Grupo 75\" onerror=\"this.style.display='none'\"  \/>\r\n\tHigh antioxidant<br \/>\r\ncontent\r\n\t\t\t\t<img loading=\"lazy\" decoding=\"async\" src=\"https:\/\/www.almendraslopez.com\/wp-content\/uploads\/2021\/09\/Grupo-76.png\" alt=\"Grupo 76\" itemprop=\"image\" height=\"69\" width=\"45\" title=\"Grupo 76\" onerror=\"this.style.display='none'\"  \/>\r\n\t<p>Source of proteins<\/p>\r\n\t\t\t\t<img loading=\"lazy\" decoding=\"async\" src=\"https:\/\/www.almendraslopez.com\/wp-content\/uploads\/2021\/09\/Grupo-79.png\" alt=\"Grupo 79\" itemprop=\"image\" height=\"69\" width=\"62\" title=\"Grupo 79\" onerror=\"this.style.display='none'\"  \/>\r\n\t<p>Help you control your weight<\/p>\r\n\t\t\t\t<img loading=\"lazy\" decoding=\"async\" src=\"https:\/\/www.almendraslopez.com\/wp-content\/uploads\/2021\/09\/Grupo-82.png\" alt=\"Grupo 82\" itemprop=\"image\" height=\"57\" width=\"69\" title=\"Grupo 82\" onerror=\"this.style.display='none'\"  \/>\r\n\t<p>Boost your immune system<\/p>\r\n<h2>\r\n\t\tWho we are\r\n\t<\/h2>\r\n\t<p class=\" translation-block\">Almendras L\u00f3pez began its history in 1977, but the company as we know it today, as an almond\nsupplier, was established in 1993. Currently, we offer a <strong>wide range of almond varieties<\/strong> and we carry out the entire process of almond shelling, calibrating and blanching at our facilities. In addition, we not only work with national almonds but we also <strong>import Californian almonds.<\/strong><\/p>\r\n<p class=\" translation-block\">Thanks to our effort and hard work, we have managed to consolidate our family business as <strong>one of the most important almond trading companies in Andalusia.<\/strong> We are committed with the quality of our products and the excellence of our team of professionals to provide the best personalised service to our customers<\/p>\r\n\t\t\t<a href=\"https:\/\/www.almendraslopez.com\/en\/quienes-somos\/\" target=\"_self\" role=\"button\" rel=\"noopener\">\r\n\t\t\t\t\t\t\tGet to know us better\r\n\t\t\t\t\t<\/a>","protected":false},"excerpt":{"rendered":"<p>Expertos en comercializaci\u00f3n de almendras Calidad y evoluci\u00f3n continua Desde 1977 &nbsp; Presentes en m\u00e1s de 30 pa\u00edses Proveedores de almendras En Almendras L\u00f3pez somos especialistas en la comercializaci\u00f3n de almendras. Trabajamos con una cuidada selecci\u00f3n de proveedores tanto nacionales como internacionales. Buscamos siempre los cultivos mejor atendidos para hacer una selecci\u00f3n en origen, lo &#8230; <a title=\"Proveedores de almendra\" class=\"read-more\" href=\"https:\/\/www.almendraslopez.com\/en\/\" aria-label=\"More on Proveedores de almendra\" data-no-translation=\"\" data-trp-gettext=\"\">Read more<\/a><\/p>","protected":false},"author":1,"featured_media":106,"parent":0,"menu_order":0,"comment_status":"closed","ping_status":"closed","template":"","meta":{"footnotes":""},"class_list":["post-14","page","type-page","status-publish","has-post-thumbnail"],"acf":[],"yoast_head":"<!-- This site is optimized with the Yoast SEO plugin v19.9 - https:\/\/yoast.com\/wordpress\/plugins\/seo\/ -->\n<title>Proveedores de almendra - Almendras L\u00f3pez<\/title>\n<meta name=\"description\" content=\"Somos una empresa que trabajamos como proveedores de almendra nacional e internacional, contamos con diferentes variedades de gran calidad.\" \/>\n<meta name=\"robots\" content=\"index, follow, max-snippet:-1, max-image-preview:large, max-video-preview:-1\" \/>\n<link rel=\"canonical\" href=\"https:\/\/www.almendraslopez.com\/en\/\" \/>\n<meta property=\"og:locale\" content=\"en_GB\" \/>\n<meta property=\"og:type\" content=\"article\" \/>\n<meta property=\"og:title\" content=\"Proveedores de almendra - Almendras L\u00f3pez\" \/>\n<meta property=\"og:description\" content=\"Somos una empresa que trabajamos como proveedores de almendra nacional e internacional, contamos con diferentes variedades de gran calidad.\" \/>\n<meta property=\"og:url\" content=\"https:\/\/www.almendraslopez.com\/en\/\" \/>\n<meta property=\"og:site_name\" content=\"Almendras L\u00f3pez\" \/>\n<meta property=\"article:publisher\" content=\"https:\/\/www.facebook.com\/Almendras-L%c3%b3pez-103807578606709\" \/>\n<meta property=\"article:modified_time\" content=\"2022-04-06T12:14:16+00:00\" \/>\n<meta property=\"og:image\" content=\"https:\/\/www.almendraslopez.com\/wp-content\/uploads\/2021\/09\/Grupo-230-2.jpg\" \/>\n\t<meta property=\"og:image:width\" content=\"1920\" \/>\n\t<meta property=\"og:image:height\" content=\"910\" \/>\n\t<meta property=\"og:image:type\" content=\"image\/jpeg\" \/>\n<meta name=\"twitter:card\" content=\"summary_large_image\" \/>\n<meta name=\"twitter:label1\" content=\"Estimated reading time\" \/>\n\t<meta name=\"twitter:data1\" content=\"3 minutes\" \/>\n<script type=\"application\/ld+json\" class=\"yoast-schema-graph\">{\"@context\":\"https:\/\/schema.org\",\"@graph\":[{\"@type\":\"WebPage\",\"@id\":\"https:\/\/www.almendraslopez.com\/\",\"url\":\"https:\/\/www.almendraslopez.com\/\",\"name\":\"Proveedores de almendra - Almendras L\u00f3pez\",\"isPartOf\":{\"@id\":\"https:\/\/www.almendraslopez.com\/#website\"},\"datePublished\":\"2021-09-08T11:57:53+00:00\",\"dateModified\":\"2022-04-06T12:14:16+00:00\",\"description\":\"Somos una empresa que trabajamos como proveedores de almendra nacional e internacional, contamos con diferentes variedades de gran calidad.\",\"breadcrumb\":{\"@id\":\"https:\/\/www.almendraslopez.com\/#breadcrumb\"},\"inLanguage\":\"en-GB\",\"potentialAction\":[{\"@type\":\"ReadAction\",\"target\":[\"https:\/\/www.almendraslopez.com\/\"]}]},{\"@type\":\"BreadcrumbList\",\"@id\":\"https:\/\/www.almendraslopez.com\/#breadcrumb\",\"itemListElement\":[{\"@type\":\"ListItem\",\"position\":1,\"name\":\"Portada\",\"item\":\"https:\/\/www.almendraslopez.com\/\"},{\"@type\":\"ListItem\",\"position\":2,\"name\":\"Proveedores de almendra\"}]},{\"@type\":\"WebSite\",\"@id\":\"https:\/\/www.almendraslopez.com\/#website\",\"url\":\"https:\/\/www.almendraslopez.com\/\",\"name\":\"Almendras L\u00f3pez\",\"description\":\"Expertos en comercializaci\u00f3n de almendras\",\"publisher\":{\"@id\":\"https:\/\/www.almendraslopez.com\/#organization\"},\"potentialAction\":[{\"@type\":\"SearchAction\",\"target\":{\"@type\":\"EntryPoint\",\"urlTemplate\":\"https:\/\/www.almendraslopez.com\/?s={search_term_string}\"},\"query-input\":\"required name=search_term_string\"}],\"inLanguage\":\"en-GB\"},{\"@type\":\"Organization\",\"@id\":\"https:\/\/www.almendraslopez.com\/#organization\",\"name\":\"Almendras L\u00f3pez: proveedores de almendra\",\"url\":\"https:\/\/www.almendraslopez.com\/\",\"logo\":{\"@type\":\"ImageObject\",\"inLanguage\":\"en-GB\",\"@id\":\"https:\/\/www.almendraslopez.com\/#\/schema\/logo\/image\/\",\"url\":\"https:\/\/www.almendraslopez.com\/wp-content\/uploads\/2021\/09\/cropped-Grupo-234.png\",\"contentUrl\":\"https:\/\/www.almendraslopez.com\/wp-content\/uploads\/2021\/09\/cropped-Grupo-234.png\",\"width\":164,\"height\":63,\"caption\":\"Almendras L\u00f3pez: proveedores de almendra\"},\"image\":{\"@id\":\"https:\/\/www.almendraslopez.com\/#\/schema\/logo\/image\/\"},\"sameAs\":[\"https:\/\/www.instagram.com\/almendras_lopez\/\",\"https:\/\/www.linkedin.com\/company\/almendras-l\u00f3pez\/\",\"https:\/\/www.facebook.com\/Almendras-L\u00f3pez-103807578606709\"]}]}<\/script>\n<!-- \/ Yoast SEO plugin. -->","yoast_head_json":{"title":"Proveedores de almendra - Almendras L\u00f3pez","description":"Somos una empresa que trabajamos como proveedores de almendra nacional e internacional, contamos con diferentes variedades de gran calidad.","robots":{"index":"index","follow":"follow","max-snippet":"max-snippet:-1","max-image-preview":"max-image-preview:large","max-video-preview":"max-video-preview:-1"},"canonical":"https:\/\/www.almendraslopez.com\/en\/","og_locale":"en_GB","og_type":"article","og_title":"Proveedores de almendra - Almendras L\u00f3pez","og_description":"Somos una empresa que trabajamos como proveedores de almendra nacional e internacional, contamos con diferentes variedades de gran calidad.","og_url":"https:\/\/www.almendraslopez.com\/en\/","og_site_name":"Almendras L\u00f3pez","article_publisher":"https:\/\/www.facebook.com\/Almendras-L%c3%b3pez-103807578606709","article_modified_time":"2022-04-06T12:14:16+00:00","og_image":[{"width":1920,"height":910,"url":"https:\/\/www.almendraslopez.com\/wp-content\/uploads\/2021\/09\/Grupo-230-2.jpg","type":"image\/jpeg"}],"twitter_card":"summary_large_image","twitter_misc":{"Estimated reading time":"3 minutes"},"schema":{"@context":"https:\/\/schema.org","@graph":[{"@type":"WebPage","@id":"https:\/\/www.almendraslopez.com\/","url":"https:\/\/www.almendraslopez.com\/","name":"Proveedores de almendra - Almendras L\u00f3pez","isPartOf":{"@id":"https:\/\/www.almendraslopez.com\/#website"},"datePublished":"2021-09-08T11:57:53+00:00","dateModified":"2022-04-06T12:14:16+00:00","description":"Somos una empresa que trabajamos como proveedores de almendra nacional e internacional, contamos con diferentes variedades de gran calidad.","breadcrumb":{"@id":"https:\/\/www.almendraslopez.com\/#breadcrumb"},"inLanguage":"en-GB","potentialAction":[{"@type":"ReadAction","target":["https:\/\/www.almendraslopez.com\/"]}]},{"@type":"BreadcrumbList","@id":"https:\/\/www.almendraslopez.com\/#breadcrumb","itemListElement":[{"@type":"ListItem","position":1,"name":"Portada","item":"https:\/\/www.almendraslopez.com\/"},{"@type":"ListItem","position":2,"name":"Proveedores de almendra"}]},{"@type":"WebSite","@id":"https:\/\/www.almendraslopez.com\/#website","url":"https:\/\/www.almendraslopez.com\/","name":"Almendras L\u00f3pez","description":"Expertos en comercializaci\u00f3n de almendras","publisher":{"@id":"https:\/\/www.almendraslopez.com\/#organization"},"potentialAction":[{"@type":"SearchAction","target":{"@type":"EntryPoint","urlTemplate":"https:\/\/www.almendraslopez.com\/?s={search_term_string}"},"query-input":"required name=search_term_string"}],"inLanguage":"en-GB"},{"@type":"Organization","@id":"https:\/\/www.almendraslopez.com\/#organization","name":"Almendras L\u00f3pez: proveedores de almendra","url":"https:\/\/www.almendraslopez.com\/","logo":{"@type":"ImageObject","inLanguage":"en-GB","@id":"https:\/\/www.almendraslopez.com\/#\/schema\/logo\/image\/","url":"https:\/\/www.almendraslopez.com\/wp-content\/uploads\/2021\/09\/cropped-Grupo-234.png","contentUrl":"https:\/\/www.almendraslopez.com\/wp-content\/uploads\/2021\/09\/cropped-Grupo-234.png","width":164,"height":63,"caption":"Almendras L\u00f3pez: proveedores de almendra"},"image":{"@id":"https:\/\/www.almendraslopez.com\/#\/schema\/logo\/image\/"},"sameAs":["https:\/\/www.instagram.com\/almendras_lopez\/","https:\/\/www.linkedin.com\/company\/almendras-l\u00f3pez\/","https:\/\/www.facebook.com\/Almendras-L\u00f3pez-103807578606709"]}]}},"_links":{"self":[{"href":"https:\/\/www.almendraslopez.com\/en\/wp-json\/wp\/v2\/pages\/14","targetHints":{"allow":["GET"]}}],"collection":[{"href":"https:\/\/www.almendraslopez.com\/en\/wp-json\/wp\/v2\/pages"}],"about":[{"href":"https:\/\/www.almendraslopez.com\/en\/wp-json\/wp\/v2\/types\/page"}],"author":[{"embeddable":true,"href":"https:\/\/www.almendraslopez.com\/en\/wp-json\/wp\/v2\/users\/1"}],"replies":[{"embeddable":true,"href":"https:\/\/www.almendraslopez.com\/en\/wp-json\/wp\/v2\/comments?post=14"}],"version-history":[{"count":94,"href":"https:\/\/www.almendraslopez.com\/en\/wp-json\/wp\/v2\/pages\/14\/revisions"}],"predecessor-version":[{"id":1600,"href":"https:\/\/www.almendraslopez.com\/en\/wp-json\/wp\/v2\/pages\/14\/revisions\/1600"}],"wp:featuredmedia":[{"embeddable":true,"href":"https:\/\/www.almendraslopez.com\/en\/wp-json\/wp\/v2\/media\/106"}],"wp:attachment":[{"href":"https:\/\/www.almendraslopez.com\/en\/wp-json\/wp\/v2\/media?parent=14"}],"curies":[{"name":"wp","href":"https:\/\/api.w.org\/{rel}","templated":true}]}}